{"id":6088,"date":"2023-01-08T12:50:45","date_gmt":"2023-01-08T12:50:45","guid":{"rendered":"https:\/\/www.funshop.fi\/?post_type=product&#038;p=6088"},"modified":"2025-09-19T06:01:23","modified_gmt":"2025-09-19T06:01:23","slug":"bluetooth-pipo","status":"publish","type":"product","link":"https:\/\/www.funshop.fi\/index.php\/tuote\/bluetooth-pipo\/","title":{"rendered":"BLUETOOTH PIPO MUSTA"},"content":{"rendered":"","protected":false},"excerpt":{"rendered":"<p><span class=\"HwtZe\" lang=\"fi\"> <span class=\"jCAhz ChMk0b\"><span class=\"ryNqvb\">Pipossa on pieni reik\u00e4, kuulokkeet saa irti, jotta voit pest\u00e4 hatun.<\/span><\/span> <span class=\"jCAhz ChMk0b\"><span class=\"ryNqvb\">ota se pois ennen kuin peset hatun.<\/span><\/span> <\/span><\/p>\n<p><span class=\"HwtZe\" lang=\"fi\"><span class=\"jCAhz ChMk0b\"><span class=\"ryNqvb\">Kuvaus:<\/span><\/span> <\/span><\/p>\n<p><span class=\"HwtZe\" lang=\"fi\"><span class=\"jCAhz ChMk0b\"><span class=\"ryNqvb\">Tukee Bluetooth- ja Bluetooth-yhteensopivaa musiikkia.<\/span><\/span> <\/span><\/p>\n<p><span class=\"x193iq5w xeuugli x13faqbe x1vvkbs x1xmvt09 x1lliihq x1s928wv xhkezso x1gmr53x x1cpjm7i x1fgarty x1943h6x xudqn12 x3x7a5m x6prxxf xvq8zen xo1l8bm xzsf02u x1yc453h\" dir=\"auto\">Sis\u00e4lt\u00e4\u00e4 my\u00f6s mikrofonin puheluja varten.<\/span><\/p>\n<p><span class=\"HwtZe\" lang=\"fi\"><span class=\"jCAhz ChMk0b\"><span class=\"ryNqvb\">Alhainen korkealaatuisen stereo\u00e4\u00e4nen h\u00e4vi\u00f6.<\/span><\/span> <\/span><\/p>\n<p><span class=\"HwtZe\" lang=\"fi\"><span class=\"jCAhz ChMk0b\"><span class=\"ryNqvb\">Lataus USB-kaapelilla, pitk\u00e4 valmiusaika.<\/span><\/span> <\/span><\/p>\n<p><span class=\"HwtZe\" lang=\"fi\"><span class=\"jCAhz ChMk0b\"><span class=\"ryNqvb\">Materiaali: Villalanka + ABS<\/span><\/span> <\/span><\/p>\n<p><span class=\"HwtZe\" lang=\"fi\"><span class=\"jCAhz ChMk0b\"><span class=\"ryNqvb\">Bluetooth-yhteensopiva versio: 5.0<\/span><\/span> <\/span><\/p>\n<p><span class=\"HwtZe\" lang=\"fi\"><span class=\"jCAhz ChMk0b\"><span class=\"ryNqvb\">Virtal\u00e4hde: Sis\u00e4\u00e4nrakennettu 180Mah litiumakku<\/span><\/span> <\/span><\/p>\n<p><span class=\"HwtZe\" lang=\"fi\"><span class=\"jCAhz ChMk0b\"><span class=\"ryNqvb\">Ominaisuudet: <\/span><\/span><\/span><\/p>\n<p><span class=\"HwtZe\" lang=\"fi\"><span class=\"jCAhz ChMk0b\"><span class=\"ryNqvb\">Bluetooth-yhteensopiva, mukava, l\u00e4mmin<\/span><\/span> <\/span><\/p>\n<p><span class=\"HwtZe\" lang=\"fi\"><span class=\"jCAhz ChMk0b\"><span class=\"ryNqvb\">Koko: 22,5 cm x 21,5 cm (noin)<\/span><\/span> <\/span><\/p>\n<p><span class=\"HwtZe\" lang=\"fi\"><span class=\"jCAhz ChMk0b\"><span class=\"ryNqvb\">Paketti sis\u00e4lt\u00e4\u00e4<\/span><\/span> <\/span><\/p>\n<p><span class=\"HwtZe\" lang=\"fi\"><span class=\"jCAhz ChMk0b\"><span class=\"ryNqvb\">1 x hattukuuloke<\/span><\/span> <\/span><\/p>\n<p><span class=\"HwtZe\" lang=\"fi\"><span class=\"jCAhz ChMk0b\"><span class=\"ryNqvb\">1 x latauskaapeli<\/span><\/span> <\/span><\/p>\n<p><span class=\"HwtZe\" lang=\"fi\"><span class=\"jCAhz ChMk0b\"><span class=\"ryNqvb\">1 x K\u00e4ytt\u00f6opas englanti<br \/>\n<\/span><\/span><\/span><\/p>\n","protected":false},"featured_media":6089,"template":"","meta":{"om_disable_all_campaigns":false,"_exactmetrics_skip_tracking":false,"_exactmetrics_sitenote_active":false,"_exactmetrics_sitenote_note":"","_exactmetrics_sitenote_category":0},"product_brand":[],"product_cat":[15],"product_tag":[],"class_list":{"0":"post-6088","1":"product","2":"type-product","3":"status-publish","4":"has-post-thumbnail","6":"product_cat-yleinen","7":"product_shipping_class-kirje","9":"first","10":"instock","11":"taxable","12":"shipping-taxable","13":"purchasable","14":"product-type-simple"},"aioseo_notices":[],"yoast_head":"<!-- This site is optimized with the Yoast SEO plugin v27.6 - https:\/\/yoast.com\/product\/yoast-seo-wordpress\/ -->\n<title>BLUETOOTH PIPO MUSTA - FUNSHOP.FI<\/title>\n<meta name=\"robots\" content=\"index, follow, max-snippet:-1, max-image-preview:large, max-video-preview:-1\" \/>\n<link rel=\"canonical\" href=\"https:\/\/www.funshop.fi\/index.php\/tuote\/bluetooth-pipo\/\" \/>\n<meta property=\"og:locale\" content=\"fi_FI\" \/>\n<meta property=\"og:type\" content=\"article\" \/>\n<meta property=\"og:title\" content=\"BLUETOOTH PIPO MUSTA - FUNSHOP.FI\" \/>\n<meta property=\"og:description\" content=\"Pipossa on pieni reik\u00e4, kuulokkeet saa irti, jotta voit pest\u00e4 hatun. ota se pois ennen kuin peset hatun.   Kuvaus:   Tukee Bluetooth- ja Bluetooth-yhteensopivaa musiikkia.   Sis\u00e4lt\u00e4\u00e4 my\u00f6s mikrofonin puheluja varten.  Alhainen korkealaatuisen stereo\u00e4\u00e4nen h\u00e4vi\u00f6.   Lataus USB-kaapelilla, pitk\u00e4 valmiusaika.   Materiaali: Villalanka + ABS   Bluetooth-yhteensopiva versio: 5.0   Virtal\u00e4hde: Sis\u00e4\u00e4nrakennettu 180Mah litiumakku   Ominaisuudet:   Bluetooth-yhteensopiva, mukava, l\u00e4mmin   Koko: 22,5 cm x 21,5 cm (noin)   Paketti sis\u00e4lt\u00e4\u00e4   1 x hattukuuloke   1 x latauskaapeli   1 x K\u00e4ytt\u00f6opas englanti\" \/>\n<meta property=\"og:url\" content=\"https:\/\/www.funshop.fi\/index.php\/tuote\/bluetooth-pipo\/\" \/>\n<meta property=\"og:site_name\" content=\"FUNSHOP.FI\" \/>\n<meta property=\"article:modified_time\" content=\"2025-09-19T06:01:23+00:00\" \/>\n<meta property=\"og:image\" content=\"https:\/\/www.funshop.fi\/wp-content\/uploads\/2023\/01\/1.jpg\" \/>\n\t<meta property=\"og:image:width\" content=\"1000\" \/>\n\t<meta property=\"og:image:height\" content=\"1000\" \/>\n\t<meta property=\"og:image:type\" content=\"image\/jpeg\" \/>\n<meta name=\"twitter:card\" content=\"summary_large_image\" \/>\n<script type=\"application\/ld+json\" class=\"yoast-schema-graph\">{\"@context\":\"https:\\\/\\\/schema.org\",\"@graph\":[{\"@type\":\"WebPage\",\"@id\":\"https:\\\/\\\/www.funshop.fi\\\/index.php\\\/tuote\\\/bluetooth-pipo\\\/\",\"url\":\"https:\\\/\\\/www.funshop.fi\\\/index.php\\\/tuote\\\/bluetooth-pipo\\\/\",\"name\":\"BLUETOOTH PIPO MUSTA - FUNSHOP.FI\",\"isPartOf\":{\"@id\":\"https:\\\/\\\/www.funshop.fi\\\/#website\"},\"primaryImageOfPage\":{\"@id\":\"https:\\\/\\\/www.funshop.fi\\\/index.php\\\/tuote\\\/bluetooth-pipo\\\/#primaryimage\"},\"image\":{\"@id\":\"https:\\\/\\\/www.funshop.fi\\\/index.php\\\/tuote\\\/bluetooth-pipo\\\/#primaryimage\"},\"thumbnailUrl\":\"https:\\\/\\\/www.funshop.fi\\\/wp-content\\\/uploads\\\/2023\\\/01\\\/1.jpg\",\"datePublished\":\"2023-01-08T12:50:45+00:00\",\"dateModified\":\"2025-09-19T06:01:23+00:00\",\"breadcrumb\":{\"@id\":\"https:\\\/\\\/www.funshop.fi\\\/index.php\\\/tuote\\\/bluetooth-pipo\\\/#breadcrumb\"},\"inLanguage\":\"fi\",\"potentialAction\":[{\"@type\":\"ReadAction\",\"target\":[\"https:\\\/\\\/www.funshop.fi\\\/index.php\\\/tuote\\\/bluetooth-pipo\\\/\"]}]},{\"@type\":\"ImageObject\",\"inLanguage\":\"fi\",\"@id\":\"https:\\\/\\\/www.funshop.fi\\\/index.php\\\/tuote\\\/bluetooth-pipo\\\/#primaryimage\",\"url\":\"https:\\\/\\\/www.funshop.fi\\\/wp-content\\\/uploads\\\/2023\\\/01\\\/1.jpg\",\"contentUrl\":\"https:\\\/\\\/www.funshop.fi\\\/wp-content\\\/uploads\\\/2023\\\/01\\\/1.jpg\",\"width\":1000,\"height\":1000},{\"@type\":\"BreadcrumbList\",\"@id\":\"https:\\\/\\\/www.funshop.fi\\\/index.php\\\/tuote\\\/bluetooth-pipo\\\/#breadcrumb\",\"itemListElement\":[{\"@type\":\"ListItem\",\"position\":1,\"name\":\"Etusivu\",\"item\":\"https:\\\/\\\/www.funshop.fi\\\/\"},{\"@type\":\"ListItem\",\"position\":2,\"name\":\"FUNSHOP\",\"item\":\"https:\\\/\\\/www.funshop.fi\\\/\"},{\"@type\":\"ListItem\",\"position\":3,\"name\":\"BLUETOOTH PIPO MUSTA\"}]},{\"@type\":\"WebSite\",\"@id\":\"https:\\\/\\\/www.funshop.fi\\\/#website\",\"url\":\"https:\\\/\\\/www.funshop.fi\\\/\",\"name\":\"FUNSHOP.FI\",\"description\":\"Huvittavia tuotteita\",\"potentialAction\":[{\"@type\":\"SearchAction\",\"target\":{\"@type\":\"EntryPoint\",\"urlTemplate\":\"https:\\\/\\\/www.funshop.fi\\\/?s={search_term_string}\"},\"query-input\":{\"@type\":\"PropertyValueSpecification\",\"valueRequired\":true,\"valueName\":\"search_term_string\"}}],\"inLanguage\":\"fi\"}]}<\/script>\n<!-- \/ Yoast SEO plugin. -->","yoast_head_json":{"title":"BLUETOOTH PIPO MUSTA - FUNSHOP.FI","robots":{"index":"index","follow":"follow","max-snippet":"max-snippet:-1","max-image-preview":"max-image-preview:large","max-video-preview":"max-video-preview:-1"},"canonical":"https:\/\/www.funshop.fi\/index.php\/tuote\/bluetooth-pipo\/","og_locale":"fi_FI","og_type":"article","og_title":"BLUETOOTH PIPO MUSTA - FUNSHOP.FI","og_description":"Pipossa on pieni reik\u00e4, kuulokkeet saa irti, jotta voit pest\u00e4 hatun. ota se pois ennen kuin peset hatun.   Kuvaus:   Tukee Bluetooth- ja Bluetooth-yhteensopivaa musiikkia.   Sis\u00e4lt\u00e4\u00e4 my\u00f6s mikrofonin puheluja varten.  Alhainen korkealaatuisen stereo\u00e4\u00e4nen h\u00e4vi\u00f6.   Lataus USB-kaapelilla, pitk\u00e4 valmiusaika.   Materiaali: Villalanka + ABS   Bluetooth-yhteensopiva versio: 5.0   Virtal\u00e4hde: Sis\u00e4\u00e4nrakennettu 180Mah litiumakku   Ominaisuudet:   Bluetooth-yhteensopiva, mukava, l\u00e4mmin   Koko: 22,5 cm x 21,5 cm (noin)   Paketti sis\u00e4lt\u00e4\u00e4   1 x hattukuuloke   1 x latauskaapeli   1 x K\u00e4ytt\u00f6opas englanti","og_url":"https:\/\/www.funshop.fi\/index.php\/tuote\/bluetooth-pipo\/","og_site_name":"FUNSHOP.FI","article_modified_time":"2025-09-19T06:01:23+00:00","og_image":[{"width":1000,"height":1000,"url":"https:\/\/www.funshop.fi\/wp-content\/uploads\/2023\/01\/1.jpg","type":"image\/jpeg"}],"twitter_card":"summary_large_image","schema":{"@context":"https:\/\/schema.org","@graph":[{"@type":"WebPage","@id":"https:\/\/www.funshop.fi\/index.php\/tuote\/bluetooth-pipo\/","url":"https:\/\/www.funshop.fi\/index.php\/tuote\/bluetooth-pipo\/","name":"BLUETOOTH PIPO MUSTA - FUNSHOP.FI","isPartOf":{"@id":"https:\/\/www.funshop.fi\/#website"},"primaryImageOfPage":{"@id":"https:\/\/www.funshop.fi\/index.php\/tuote\/bluetooth-pipo\/#primaryimage"},"image":{"@id":"https:\/\/www.funshop.fi\/index.php\/tuote\/bluetooth-pipo\/#primaryimage"},"thumbnailUrl":"https:\/\/www.funshop.fi\/wp-content\/uploads\/2023\/01\/1.jpg","datePublished":"2023-01-08T12:50:45+00:00","dateModified":"2025-09-19T06:01:23+00:00","breadcrumb":{"@id":"https:\/\/www.funshop.fi\/index.php\/tuote\/bluetooth-pipo\/#breadcrumb"},"inLanguage":"fi","potentialAction":[{"@type":"ReadAction","target":["https:\/\/www.funshop.fi\/index.php\/tuote\/bluetooth-pipo\/"]}]},{"@type":"ImageObject","inLanguage":"fi","@id":"https:\/\/www.funshop.fi\/index.php\/tuote\/bluetooth-pipo\/#primaryimage","url":"https:\/\/www.funshop.fi\/wp-content\/uploads\/2023\/01\/1.jpg","contentUrl":"https:\/\/www.funshop.fi\/wp-content\/uploads\/2023\/01\/1.jpg","width":1000,"height":1000},{"@type":"BreadcrumbList","@id":"https:\/\/www.funshop.fi\/index.php\/tuote\/bluetooth-pipo\/#breadcrumb","itemListElement":[{"@type":"ListItem","position":1,"name":"Etusivu","item":"https:\/\/www.funshop.fi\/"},{"@type":"ListItem","position":2,"name":"FUNSHOP","item":"https:\/\/www.funshop.fi\/"},{"@type":"ListItem","position":3,"name":"BLUETOOTH PIPO MUSTA"}]},{"@type":"WebSite","@id":"https:\/\/www.funshop.fi\/#website","url":"https:\/\/www.funshop.fi\/","name":"FUNSHOP.FI","description":"Huvittavia tuotteita","potentialAction":[{"@type":"SearchAction","target":{"@type":"EntryPoint","urlTemplate":"https:\/\/www.funshop.fi\/?s={search_term_string}"},"query-input":{"@type":"PropertyValueSpecification","valueRequired":true,"valueName":"search_term_string"}}],"inLanguage":"fi"}]}},"_links":{"self":[{"href":"https:\/\/www.funshop.fi\/index.php\/wp-json\/wp\/v2\/product\/6088","targetHints":{"allow":["GET"]}}],"collection":[{"href":"https:\/\/www.funshop.fi\/index.php\/wp-json\/wp\/v2\/product"}],"about":[{"href":"https:\/\/www.funshop.fi\/index.php\/wp-json\/wp\/v2\/types\/product"}],"wp:featuredmedia":[{"embeddable":true,"href":"https:\/\/www.funshop.fi\/index.php\/wp-json\/wp\/v2\/media\/6089"}],"wp:attachment":[{"href":"https:\/\/www.funshop.fi\/index.php\/wp-json\/wp\/v2\/media?parent=6088"}],"wp:term":[{"taxonomy":"product_brand","embeddable":true,"href":"https:\/\/www.funshop.fi\/index.php\/wp-json\/wp\/v2\/product_brand?post=6088"},{"taxonomy":"product_cat","embeddable":true,"href":"https:\/\/www.funshop.fi\/index.php\/wp-json\/wp\/v2\/product_cat?post=6088"},{"taxonomy":"product_tag","embeddable":true,"href":"https:\/\/www.funshop.fi\/index.php\/wp-json\/wp\/v2\/product_tag?post=6088"}],"curies":[{"name":"wp","href":"https:\/\/api.w.org\/{rel}","templated":true}]}}