{"id":6071,"date":"2022-12-30T07:09:53","date_gmt":"2022-12-30T07:09:53","guid":{"rendered":"https:\/\/www.funshop.fi\/?post_type=product&#038;p=6071"},"modified":"2024-10-27T12:32:54","modified_gmt":"2024-10-27T12:32:54","slug":"noyra-t-paita","status":"publish","type":"product","link":"https:\/\/www.funshop.fi\/index.php\/tuote\/noyra-t-paita\/","title":{"rendered":"N\u00d6YR\u00c4 T-PAITA"},"content":{"rendered":"","protected":false},"excerpt":{"rendered":"<p>On vaikea olla N\u00d6YR\u00c4&#8230; Musta T-paita<\/p>\n","protected":false},"featured_media":6083,"template":"","meta":{"om_disable_all_campaigns":false,"_exactmetrics_skip_tracking":false,"_exactmetrics_sitenote_active":false,"_exactmetrics_sitenote_note":"","_exactmetrics_sitenote_category":0},"product_brand":[],"product_cat":[27],"product_tag":[],"class_list":{"0":"post-6071","1":"product","2":"type-product","3":"status-publish","4":"has-post-thumbnail","6":"product_cat-t-paidat","8":"first","9":"instock","10":"taxable","11":"shipping-taxable","12":"purchasable","13":"product-type-variable"},"aioseo_notices":[],"yoast_head":"<!-- This site is optimized with the Yoast SEO plugin v27.4 - https:\/\/yoast.com\/product\/yoast-seo-wordpress\/ -->\n<title>N\u00d6YR\u00c4 T-PAITA - FUNSHOP.FI<\/title>\n<meta name=\"robots\" content=\"index, follow, max-snippet:-1, max-image-preview:large, max-video-preview:-1\" \/>\n<link rel=\"canonical\" href=\"https:\/\/www.funshop.fi\/index.php\/tuote\/noyra-t-paita\/\" \/>\n<meta property=\"og:locale\" content=\"fi_FI\" \/>\n<meta property=\"og:type\" content=\"article\" \/>\n<meta property=\"og:title\" content=\"N\u00d6YR\u00c4 T-PAITA - FUNSHOP.FI\" \/>\n<meta property=\"og:description\" content=\"On vaikea olla N\u00d6YR\u00c4... Musta T-paita\" \/>\n<meta property=\"og:url\" content=\"https:\/\/www.funshop.fi\/index.php\/tuote\/noyra-t-paita\/\" \/>\n<meta property=\"og:site_name\" content=\"FUNSHOP.FI\" \/>\n<meta property=\"article:modified_time\" content=\"2024-10-27T12:32:54+00:00\" \/>\n<meta property=\"og:image\" content=\"https:\/\/www.funshop.fi\/wp-content\/uploads\/2022\/12\/noyramalli-t.jpg\" \/>\n\t<meta property=\"og:image:width\" content=\"458\" \/>\n\t<meta property=\"og:image:height\" content=\"630\" \/>\n\t<meta property=\"og:image:type\" content=\"image\/jpeg\" \/>\n<meta name=\"twitter:card\" content=\"summary_large_image\" \/>\n<script type=\"application\/ld+json\" class=\"yoast-schema-graph\">{\"@context\":\"https:\\\/\\\/schema.org\",\"@graph\":[{\"@type\":\"WebPage\",\"@id\":\"https:\\\/\\\/www.funshop.fi\\\/index.php\\\/tuote\\\/noyra-t-paita\\\/\",\"url\":\"https:\\\/\\\/www.funshop.fi\\\/index.php\\\/tuote\\\/noyra-t-paita\\\/\",\"name\":\"N\u00d6YR\u00c4 T-PAITA - FUNSHOP.FI\",\"isPartOf\":{\"@id\":\"https:\\\/\\\/www.funshop.fi\\\/#website\"},\"primaryImageOfPage\":{\"@id\":\"https:\\\/\\\/www.funshop.fi\\\/index.php\\\/tuote\\\/noyra-t-paita\\\/#primaryimage\"},\"image\":{\"@id\":\"https:\\\/\\\/www.funshop.fi\\\/index.php\\\/tuote\\\/noyra-t-paita\\\/#primaryimage\"},\"thumbnailUrl\":\"https:\\\/\\\/www.funshop.fi\\\/wp-content\\\/uploads\\\/2022\\\/12\\\/noyramalli-t.jpg\",\"datePublished\":\"2022-12-30T07:09:53+00:00\",\"dateModified\":\"2024-10-27T12:32:54+00:00\",\"breadcrumb\":{\"@id\":\"https:\\\/\\\/www.funshop.fi\\\/index.php\\\/tuote\\\/noyra-t-paita\\\/#breadcrumb\"},\"inLanguage\":\"fi\",\"potentialAction\":[{\"@type\":\"ReadAction\",\"target\":[\"https:\\\/\\\/www.funshop.fi\\\/index.php\\\/tuote\\\/noyra-t-paita\\\/\"]}]},{\"@type\":\"ImageObject\",\"inLanguage\":\"fi\",\"@id\":\"https:\\\/\\\/www.funshop.fi\\\/index.php\\\/tuote\\\/noyra-t-paita\\\/#primaryimage\",\"url\":\"https:\\\/\\\/www.funshop.fi\\\/wp-content\\\/uploads\\\/2022\\\/12\\\/noyramalli-t.jpg\",\"contentUrl\":\"https:\\\/\\\/www.funshop.fi\\\/wp-content\\\/uploads\\\/2022\\\/12\\\/noyramalli-t.jpg\",\"width\":458,\"height\":630},{\"@type\":\"BreadcrumbList\",\"@id\":\"https:\\\/\\\/www.funshop.fi\\\/index.php\\\/tuote\\\/noyra-t-paita\\\/#breadcrumb\",\"itemListElement\":[{\"@type\":\"ListItem\",\"position\":1,\"name\":\"Etusivu\",\"item\":\"https:\\\/\\\/www.funshop.fi\\\/\"},{\"@type\":\"ListItem\",\"position\":2,\"name\":\"FUNSHOP\",\"item\":\"https:\\\/\\\/www.funshop.fi\\\/\"},{\"@type\":\"ListItem\",\"position\":3,\"name\":\"N\u00d6YR\u00c4 T-PAITA\"}]},{\"@type\":\"WebSite\",\"@id\":\"https:\\\/\\\/www.funshop.fi\\\/#website\",\"url\":\"https:\\\/\\\/www.funshop.fi\\\/\",\"name\":\"FUNSHOP.FI\",\"description\":\"Huvittavia tuotteita\",\"potentialAction\":[{\"@type\":\"SearchAction\",\"target\":{\"@type\":\"EntryPoint\",\"urlTemplate\":\"https:\\\/\\\/www.funshop.fi\\\/?s={search_term_string}\"},\"query-input\":{\"@type\":\"PropertyValueSpecification\",\"valueRequired\":true,\"valueName\":\"search_term_string\"}}],\"inLanguage\":\"fi\"}]}<\/script>\n<!-- \/ Yoast SEO plugin. -->","yoast_head_json":{"title":"N\u00d6YR\u00c4 T-PAITA - FUNSHOP.FI","robots":{"index":"index","follow":"follow","max-snippet":"max-snippet:-1","max-image-preview":"max-image-preview:large","max-video-preview":"max-video-preview:-1"},"canonical":"https:\/\/www.funshop.fi\/index.php\/tuote\/noyra-t-paita\/","og_locale":"fi_FI","og_type":"article","og_title":"N\u00d6YR\u00c4 T-PAITA - FUNSHOP.FI","og_description":"On vaikea olla N\u00d6YR\u00c4... Musta T-paita","og_url":"https:\/\/www.funshop.fi\/index.php\/tuote\/noyra-t-paita\/","og_site_name":"FUNSHOP.FI","article_modified_time":"2024-10-27T12:32:54+00:00","og_image":[{"width":458,"height":630,"url":"https:\/\/www.funshop.fi\/wp-content\/uploads\/2022\/12\/noyramalli-t.jpg","type":"image\/jpeg"}],"twitter_card":"summary_large_image","schema":{"@context":"https:\/\/schema.org","@graph":[{"@type":"WebPage","@id":"https:\/\/www.funshop.fi\/index.php\/tuote\/noyra-t-paita\/","url":"https:\/\/www.funshop.fi\/index.php\/tuote\/noyra-t-paita\/","name":"N\u00d6YR\u00c4 T-PAITA - FUNSHOP.FI","isPartOf":{"@id":"https:\/\/www.funshop.fi\/#website"},"primaryImageOfPage":{"@id":"https:\/\/www.funshop.fi\/index.php\/tuote\/noyra-t-paita\/#primaryimage"},"image":{"@id":"https:\/\/www.funshop.fi\/index.php\/tuote\/noyra-t-paita\/#primaryimage"},"thumbnailUrl":"https:\/\/www.funshop.fi\/wp-content\/uploads\/2022\/12\/noyramalli-t.jpg","datePublished":"2022-12-30T07:09:53+00:00","dateModified":"2024-10-27T12:32:54+00:00","breadcrumb":{"@id":"https:\/\/www.funshop.fi\/index.php\/tuote\/noyra-t-paita\/#breadcrumb"},"inLanguage":"fi","potentialAction":[{"@type":"ReadAction","target":["https:\/\/www.funshop.fi\/index.php\/tuote\/noyra-t-paita\/"]}]},{"@type":"ImageObject","inLanguage":"fi","@id":"https:\/\/www.funshop.fi\/index.php\/tuote\/noyra-t-paita\/#primaryimage","url":"https:\/\/www.funshop.fi\/wp-content\/uploads\/2022\/12\/noyramalli-t.jpg","contentUrl":"https:\/\/www.funshop.fi\/wp-content\/uploads\/2022\/12\/noyramalli-t.jpg","width":458,"height":630},{"@type":"BreadcrumbList","@id":"https:\/\/www.funshop.fi\/index.php\/tuote\/noyra-t-paita\/#breadcrumb","itemListElement":[{"@type":"ListItem","position":1,"name":"Etusivu","item":"https:\/\/www.funshop.fi\/"},{"@type":"ListItem","position":2,"name":"FUNSHOP","item":"https:\/\/www.funshop.fi\/"},{"@type":"ListItem","position":3,"name":"N\u00d6YR\u00c4 T-PAITA"}]},{"@type":"WebSite","@id":"https:\/\/www.funshop.fi\/#website","url":"https:\/\/www.funshop.fi\/","name":"FUNSHOP.FI","description":"Huvittavia tuotteita","potentialAction":[{"@type":"SearchAction","target":{"@type":"EntryPoint","urlTemplate":"https:\/\/www.funshop.fi\/?s={search_term_string}"},"query-input":{"@type":"PropertyValueSpecification","valueRequired":true,"valueName":"search_term_string"}}],"inLanguage":"fi"}]}},"_links":{"self":[{"href":"https:\/\/www.funshop.fi\/index.php\/wp-json\/wp\/v2\/product\/6071","targetHints":{"allow":["GET"]}}],"collection":[{"href":"https:\/\/www.funshop.fi\/index.php\/wp-json\/wp\/v2\/product"}],"about":[{"href":"https:\/\/www.funshop.fi\/index.php\/wp-json\/wp\/v2\/types\/product"}],"wp:featuredmedia":[{"embeddable":true,"href":"https:\/\/www.funshop.fi\/index.php\/wp-json\/wp\/v2\/media\/6083"}],"wp:attachment":[{"href":"https:\/\/www.funshop.fi\/index.php\/wp-json\/wp\/v2\/media?parent=6071"}],"wp:term":[{"taxonomy":"product_brand","embeddable":true,"href":"https:\/\/www.funshop.fi\/index.php\/wp-json\/wp\/v2\/product_brand?post=6071"},{"taxonomy":"product_cat","embeddable":true,"href":"https:\/\/www.funshop.fi\/index.php\/wp-json\/wp\/v2\/product_cat?post=6071"},{"taxonomy":"product_tag","embeddable":true,"href":"https:\/\/www.funshop.fi\/index.php\/wp-json\/wp\/v2\/product_tag?post=6071"}],"curies":[{"name":"wp","href":"https:\/\/api.w.org\/{rel}","templated":true}]}}