{"id":5984,"date":"2022-01-20T18:03:37","date_gmt":"2022-01-20T18:03:37","guid":{"rendered":"https:\/\/www.funshop.fi\/?post_type=product&#038;p=5984"},"modified":"2022-06-16T13:36:52","modified_gmt":"2022-06-16T13:36:52","slug":"sodakone","status":"publish","type":"product","link":"https:\/\/www.funshop.fi\/index.php\/tuote\/sodakone\/","title":{"rendered":"JUOMA-ANNOSTELIJA"},"content":{"rendered":"","protected":false},"excerpt":{"rendered":"<p><strong><span class=\"VIiyi\" lang=\"fi\"><span class=\"JLqJ4b ChMk0b\" data-language-for-alternatives=\"fi\" data-language-to-translate-into=\"en\" data-phrase-index=\"0\" data-number-of-phrases=\"29\">Juoma<\/span><span class=\"JLqJ4b ChMk0b\" data-language-for-alternatives=\"fi\" data-language-to-translate-into=\"en\" data-phrase-index=\"2\" data-number-of-phrases=\"29\"> -annostelija<\/span> <\/span><\/strong><\/p>\n<p><span class=\"VIiyi\" lang=\"fi\"><span class=\"JLqJ4b ChMk0b\" data-language-for-alternatives=\"fi\" data-language-to-translate-into=\"en\" data-phrase-index=\"4\" data-number-of-phrases=\"29\">Pest\u00e4v\u00e4 ja uudelleenk\u00e4ytett\u00e4v\u00e4.<\/span><\/span><\/p>\n<p><span class=\"VIiyi\" lang=\"fi\"><span class=\"JLqJ4b ChMk0b\" data-language-for-alternatives=\"fi\" data-language-to-translate-into=\"en\" data-phrase-index=\"8\" data-number-of-phrases=\"29\">Sopii erinomaisesti k\u00e4ytett\u00e4v\u00e4ksi kotona, m\u00f6kill\u00e4, toimistossa, retkeilyss\u00e4, viihteess\u00e4 ja paljon muuta<\/span> <\/span><\/p>\n<p><span class=\"VIiyi\" lang=\"fi\">K<span class=\"JLqJ4b ChMk0b\" data-language-for-alternatives=\"fi\" data-language-to-translate-into=\"en\" data-phrase-index=\"10\" data-number-of-phrases=\"29\">ierr\u00e4 vain pullo p\u00e4\u00e4lle (Muista laittaa mukana tuleva tiiviste &#8221;rengas&#8221; ja k\u00e4\u00e4nn\u00e4 sitten pullo yl\u00f6salaisin annostellaksesi juomia lasiisi..Sopii mm. 1,5l muovipulloille ja alkoholi pulloille.<\/span> <\/span><\/p>\n<p><span class=\"VIiyi\" lang=\"fi\"><span class=\"JLqJ4b ChMk0b\" data-language-for-alternatives=\"fi\" data-language-to-translate-into=\"en\" data-phrase-index=\"12\" data-number-of-phrases=\"29\">Tekniset tiedot:<\/span> <\/span><\/p>\n<p><span class=\"VIiyi\" lang=\"fi\"><span class=\"JLqJ4b ChMk0b\" data-language-for-alternatives=\"fi\" data-language-to-translate-into=\"en\" data-phrase-index=\"14\" data-number-of-phrases=\"29\">V\u00e4ri punainen<\/span> <\/span><\/p>\n<p><span class=\"VIiyi\" lang=\"fi\"><span class=\"JLqJ4b ChMk0b\" data-language-for-alternatives=\"fi\" data-language-to-translate-into=\"en\" data-phrase-index=\"16\" data-number-of-phrases=\"29\">Materiaali: Muovi<\/span> <span class=\"JLqJ4b ChMk0b\" data-language-for-alternatives=\"fi\" data-language-to-translate-into=\"en\" data-phrase-index=\"18\" data-number-of-phrases=\"29\">Tuotteen koko (K * Halkaisija): 15 * 10 cm (5,9 * 3,9 tuumaa)<\/span> <\/span><\/p>\n<p><span class=\"VIiyi\" lang=\"fi\">\u00a0<span class=\"JLqJ4b ChMk0b\" data-language-for-alternatives=\"fi\" data-language-to-translate-into=\"en\" data-phrase-index=\"22\" data-number-of-phrases=\"29\">Paino: 94 g<\/span> <\/span><\/p>\n[video width=\"360\" height=\"360\" mp4=\"https:\/\/www.funshop.fi\/wp-content\/uploads\/2022\/01\/sodakonevideo.mp4\"][\/video]\n<p><span class=\"VIiyi\" lang=\"fi\"><span class=\"JLqJ4b ChMk0b\" data-language-for-alternatives=\"fi\" data-language-to-translate-into=\"en\" data-phrase-index=\"24\" data-number-of-phrases=\"29\">Paketti sis\u00e4lt\u00e4\u00e4:<\/span> <span class=\"JLqJ4b ChMk0b\" data-language-for-alternatives=\"fi\" data-language-to-translate-into=\"en\" data-phrase-index=\"26\" data-number-of-phrases=\"29\">1kpl Kannettava juomasooda-annostelijan ja neulan loppu&#8221;veden&#8221; annosteluun, sek\u00e4 tiiviste renkaat.<br \/>\n<\/span><\/span><\/p>\n","protected":false},"featured_media":5985,"template":"","meta":{"om_disable_all_campaigns":false,"_exactmetrics_skip_tracking":false,"_exactmetrics_sitenote_active":false,"_exactmetrics_sitenote_note":"","_exactmetrics_sitenote_category":0},"product_brand":[],"product_cat":[15],"product_tag":[],"class_list":{"0":"post-5984","1":"product","2":"type-product","3":"status-publish","4":"has-post-thumbnail","6":"product_cat-yleinen","7":"product_shipping_class-paketti","9":"first","10":"instock","11":"taxable","12":"shipping-taxable","13":"purchasable","14":"product-type-simple"},"aioseo_notices":[],"yoast_head":"<!-- This site is optimized with the Yoast SEO plugin v27.6 - https:\/\/yoast.com\/product\/yoast-seo-wordpress\/ -->\n<title>JUOMA-ANNOSTELIJA - FUNSHOP.FI<\/title>\n<meta name=\"robots\" content=\"index, follow, max-snippet:-1, max-image-preview:large, max-video-preview:-1\" \/>\n<link rel=\"canonical\" href=\"https:\/\/www.funshop.fi\/index.php\/tuote\/sodakone\/\" \/>\n<meta property=\"og:locale\" content=\"fi_FI\" \/>\n<meta property=\"og:type\" content=\"article\" \/>\n<meta property=\"og:title\" content=\"JUOMA-ANNOSTELIJA - FUNSHOP.FI\" \/>\n<meta property=\"og:description\" content=\"Juoma -annostelija   Pest\u00e4v\u00e4 ja uudelleenk\u00e4ytett\u00e4v\u00e4.  Sopii erinomaisesti k\u00e4ytett\u00e4v\u00e4ksi kotona, m\u00f6kill\u00e4, toimistossa, retkeilyss\u00e4, viihteess\u00e4 ja paljon muuta   Kierr\u00e4 vain pullo p\u00e4\u00e4lle (Muista laittaa mukana tuleva tiiviste &quot;rengas&quot; ja k\u00e4\u00e4nn\u00e4 sitten pullo yl\u00f6salaisin annostellaksesi juomia lasiisi..Sopii mm. 1,5l muovipulloille ja alkoholi pulloille.   Tekniset tiedot:   V\u00e4ri punainen   Materiaali: Muovi Tuotteen koko (K * Halkaisija): 15 * 10 cm (5,9 * 3,9 tuumaa)   \u00a0Paino: 94 g     Paketti sis\u00e4lt\u00e4\u00e4: 1kpl Kannettava juomasooda-annostelijan ja neulan loppu&quot;veden&quot; annosteluun, sek\u00e4 tiiviste renkaat.\" \/>\n<meta property=\"og:url\" content=\"https:\/\/www.funshop.fi\/index.php\/tuote\/sodakone\/\" \/>\n<meta property=\"og:site_name\" content=\"FUNSHOP.FI\" \/>\n<meta property=\"article:modified_time\" content=\"2022-06-16T13:36:52+00:00\" \/>\n<meta property=\"og:image\" content=\"https:\/\/www.funshop.fi\/wp-content\/uploads\/2022\/01\/soda1.jpg\" \/>\n\t<meta property=\"og:image:width\" content=\"1000\" \/>\n\t<meta property=\"og:image:height\" content=\"1000\" \/>\n\t<meta property=\"og:image:type\" content=\"image\/jpeg\" \/>\n<meta name=\"twitter:card\" content=\"summary_large_image\" \/>\n<script type=\"application\/ld+json\" class=\"yoast-schema-graph\">{\"@context\":\"https:\\\/\\\/schema.org\",\"@graph\":[{\"@type\":\"WebPage\",\"@id\":\"https:\\\/\\\/www.funshop.fi\\\/index.php\\\/tuote\\\/sodakone\\\/\",\"url\":\"https:\\\/\\\/www.funshop.fi\\\/index.php\\\/tuote\\\/sodakone\\\/\",\"name\":\"JUOMA-ANNOSTELIJA - FUNSHOP.FI\",\"isPartOf\":{\"@id\":\"https:\\\/\\\/www.funshop.fi\\\/#website\"},\"primaryImageOfPage\":{\"@id\":\"https:\\\/\\\/www.funshop.fi\\\/index.php\\\/tuote\\\/sodakone\\\/#primaryimage\"},\"image\":{\"@id\":\"https:\\\/\\\/www.funshop.fi\\\/index.php\\\/tuote\\\/sodakone\\\/#primaryimage\"},\"thumbnailUrl\":\"https:\\\/\\\/www.funshop.fi\\\/wp-content\\\/uploads\\\/2022\\\/01\\\/soda1.jpg\",\"datePublished\":\"2022-01-20T18:03:37+00:00\",\"dateModified\":\"2022-06-16T13:36:52+00:00\",\"breadcrumb\":{\"@id\":\"https:\\\/\\\/www.funshop.fi\\\/index.php\\\/tuote\\\/sodakone\\\/#breadcrumb\"},\"inLanguage\":\"fi\",\"potentialAction\":[{\"@type\":\"ReadAction\",\"target\":[\"https:\\\/\\\/www.funshop.fi\\\/index.php\\\/tuote\\\/sodakone\\\/\"]}]},{\"@type\":\"ImageObject\",\"inLanguage\":\"fi\",\"@id\":\"https:\\\/\\\/www.funshop.fi\\\/index.php\\\/tuote\\\/sodakone\\\/#primaryimage\",\"url\":\"https:\\\/\\\/www.funshop.fi\\\/wp-content\\\/uploads\\\/2022\\\/01\\\/soda1.jpg\",\"contentUrl\":\"https:\\\/\\\/www.funshop.fi\\\/wp-content\\\/uploads\\\/2022\\\/01\\\/soda1.jpg\",\"width\":1000,\"height\":1000},{\"@type\":\"BreadcrumbList\",\"@id\":\"https:\\\/\\\/www.funshop.fi\\\/index.php\\\/tuote\\\/sodakone\\\/#breadcrumb\",\"itemListElement\":[{\"@type\":\"ListItem\",\"position\":1,\"name\":\"Etusivu\",\"item\":\"https:\\\/\\\/www.funshop.fi\\\/\"},{\"@type\":\"ListItem\",\"position\":2,\"name\":\"FUNSHOP\",\"item\":\"https:\\\/\\\/www.funshop.fi\\\/\"},{\"@type\":\"ListItem\",\"position\":3,\"name\":\"JUOMA-ANNOSTELIJA\"}]},{\"@type\":\"WebSite\",\"@id\":\"https:\\\/\\\/www.funshop.fi\\\/#website\",\"url\":\"https:\\\/\\\/www.funshop.fi\\\/\",\"name\":\"FUNSHOP.FI\",\"description\":\"Huvittavia tuotteita\",\"potentialAction\":[{\"@type\":\"SearchAction\",\"target\":{\"@type\":\"EntryPoint\",\"urlTemplate\":\"https:\\\/\\\/www.funshop.fi\\\/?s={search_term_string}\"},\"query-input\":{\"@type\":\"PropertyValueSpecification\",\"valueRequired\":true,\"valueName\":\"search_term_string\"}}],\"inLanguage\":\"fi\"}]}<\/script>\n<!-- \/ Yoast SEO plugin. -->","yoast_head_json":{"title":"JUOMA-ANNOSTELIJA - FUNSHOP.FI","robots":{"index":"index","follow":"follow","max-snippet":"max-snippet:-1","max-image-preview":"max-image-preview:large","max-video-preview":"max-video-preview:-1"},"canonical":"https:\/\/www.funshop.fi\/index.php\/tuote\/sodakone\/","og_locale":"fi_FI","og_type":"article","og_title":"JUOMA-ANNOSTELIJA - FUNSHOP.FI","og_description":"Juoma -annostelija   Pest\u00e4v\u00e4 ja uudelleenk\u00e4ytett\u00e4v\u00e4.  Sopii erinomaisesti k\u00e4ytett\u00e4v\u00e4ksi kotona, m\u00f6kill\u00e4, toimistossa, retkeilyss\u00e4, viihteess\u00e4 ja paljon muuta   Kierr\u00e4 vain pullo p\u00e4\u00e4lle (Muista laittaa mukana tuleva tiiviste \"rengas\" ja k\u00e4\u00e4nn\u00e4 sitten pullo yl\u00f6salaisin annostellaksesi juomia lasiisi..Sopii mm. 1,5l muovipulloille ja alkoholi pulloille.   Tekniset tiedot:   V\u00e4ri punainen   Materiaali: Muovi Tuotteen koko (K * Halkaisija): 15 * 10 cm (5,9 * 3,9 tuumaa)   \u00a0Paino: 94 g     Paketti sis\u00e4lt\u00e4\u00e4: 1kpl Kannettava juomasooda-annostelijan ja neulan loppu\"veden\" annosteluun, sek\u00e4 tiiviste renkaat.","og_url":"https:\/\/www.funshop.fi\/index.php\/tuote\/sodakone\/","og_site_name":"FUNSHOP.FI","article_modified_time":"2022-06-16T13:36:52+00:00","og_image":[{"width":1000,"height":1000,"url":"https:\/\/www.funshop.fi\/wp-content\/uploads\/2022\/01\/soda1.jpg","type":"image\/jpeg"}],"twitter_card":"summary_large_image","schema":{"@context":"https:\/\/schema.org","@graph":[{"@type":"WebPage","@id":"https:\/\/www.funshop.fi\/index.php\/tuote\/sodakone\/","url":"https:\/\/www.funshop.fi\/index.php\/tuote\/sodakone\/","name":"JUOMA-ANNOSTELIJA - FUNSHOP.FI","isPartOf":{"@id":"https:\/\/www.funshop.fi\/#website"},"primaryImageOfPage":{"@id":"https:\/\/www.funshop.fi\/index.php\/tuote\/sodakone\/#primaryimage"},"image":{"@id":"https:\/\/www.funshop.fi\/index.php\/tuote\/sodakone\/#primaryimage"},"thumbnailUrl":"https:\/\/www.funshop.fi\/wp-content\/uploads\/2022\/01\/soda1.jpg","datePublished":"2022-01-20T18:03:37+00:00","dateModified":"2022-06-16T13:36:52+00:00","breadcrumb":{"@id":"https:\/\/www.funshop.fi\/index.php\/tuote\/sodakone\/#breadcrumb"},"inLanguage":"fi","potentialAction":[{"@type":"ReadAction","target":["https:\/\/www.funshop.fi\/index.php\/tuote\/sodakone\/"]}]},{"@type":"ImageObject","inLanguage":"fi","@id":"https:\/\/www.funshop.fi\/index.php\/tuote\/sodakone\/#primaryimage","url":"https:\/\/www.funshop.fi\/wp-content\/uploads\/2022\/01\/soda1.jpg","contentUrl":"https:\/\/www.funshop.fi\/wp-content\/uploads\/2022\/01\/soda1.jpg","width":1000,"height":1000},{"@type":"BreadcrumbList","@id":"https:\/\/www.funshop.fi\/index.php\/tuote\/sodakone\/#breadcrumb","itemListElement":[{"@type":"ListItem","position":1,"name":"Etusivu","item":"https:\/\/www.funshop.fi\/"},{"@type":"ListItem","position":2,"name":"FUNSHOP","item":"https:\/\/www.funshop.fi\/"},{"@type":"ListItem","position":3,"name":"JUOMA-ANNOSTELIJA"}]},{"@type":"WebSite","@id":"https:\/\/www.funshop.fi\/#website","url":"https:\/\/www.funshop.fi\/","name":"FUNSHOP.FI","description":"Huvittavia tuotteita","potentialAction":[{"@type":"SearchAction","target":{"@type":"EntryPoint","urlTemplate":"https:\/\/www.funshop.fi\/?s={search_term_string}"},"query-input":{"@type":"PropertyValueSpecification","valueRequired":true,"valueName":"search_term_string"}}],"inLanguage":"fi"}]}},"_links":{"self":[{"href":"https:\/\/www.funshop.fi\/index.php\/wp-json\/wp\/v2\/product\/5984","targetHints":{"allow":["GET"]}}],"collection":[{"href":"https:\/\/www.funshop.fi\/index.php\/wp-json\/wp\/v2\/product"}],"about":[{"href":"https:\/\/www.funshop.fi\/index.php\/wp-json\/wp\/v2\/types\/product"}],"wp:featuredmedia":[{"embeddable":true,"href":"https:\/\/www.funshop.fi\/index.php\/wp-json\/wp\/v2\/media\/5985"}],"wp:attachment":[{"href":"https:\/\/www.funshop.fi\/index.php\/wp-json\/wp\/v2\/media?parent=5984"}],"wp:term":[{"taxonomy":"product_brand","embeddable":true,"href":"https:\/\/www.funshop.fi\/index.php\/wp-json\/wp\/v2\/product_brand?post=5984"},{"taxonomy":"product_cat","embeddable":true,"href":"https:\/\/www.funshop.fi\/index.php\/wp-json\/wp\/v2\/product_cat?post=5984"},{"taxonomy":"product_tag","embeddable":true,"href":"https:\/\/www.funshop.fi\/index.php\/wp-json\/wp\/v2\/product_tag?post=5984"}],"curies":[{"name":"wp","href":"https:\/\/api.w.org\/{rel}","templated":true}]}}