{"id":46,"date":"2019-09-26T15:27:37","date_gmt":"2019-09-26T15:27:37","guid":{"rendered":"https:\/\/www.funshop.fi\/?p=46"},"modified":"2024-09-01T05:19:33","modified_gmt":"2024-09-01T05:19:33","slug":"hoodie","status":"publish","type":"product","link":"https:\/\/www.funshop.fi\/index.php\/tuote\/hoodie\/","title":{"rendered":"VINYYLILEVY PIZZALEIKKURI"},"content":{"rendered":"","protected":false},"excerpt":{"rendered":"<p>T\u00e4m\u00e4 pizza leikkuri on loistavasti muotoilu, joka sopii t\u00e4ydellisesti keitti\u00f6\u00f6si. Leikkurin muotoilu n\u00e4ytt\u00e4\u00e4 klassiselta vinyylilevylt\u00e4, mik\u00e4 tekee siit\u00e4 tyylikk\u00e4\u00e4n lis\u00e4tarvikkeen keitti\u00f6ss\u00e4si. Sen toimintaperiaate on t\u00e4sm\u00e4lleen sama kuin perinteisen Pizza leikkurin. Kevyt ja helppok\u00e4ytt\u00f6inen.<\/p>\n","protected":false},"featured_media":199,"template":"","meta":{"om_disable_all_campaigns":false,"_exactmetrics_skip_tracking":false,"_exactmetrics_sitenote_active":false,"_exactmetrics_sitenote_note":"","_exactmetrics_sitenote_category":0},"product_brand":[],"product_cat":[15],"product_tag":[],"class_list":{"0":"post-46","1":"product","2":"type-product","3":"status-publish","4":"has-post-thumbnail","6":"product_cat-yleinen","7":"product_shipping_class-kirje","9":"first","10":"outofstock","11":"featured","12":"taxable","13":"shipping-taxable","14":"purchasable","15":"product-type-simple"},"aioseo_notices":[],"yoast_head":"<!-- This site is optimized with the Yoast SEO plugin v27.6 - https:\/\/yoast.com\/product\/yoast-seo-wordpress\/ -->\n<title>VINYYLILEVY PIZZALEIKKURI - FUNSHOP.FI<\/title>\n<meta name=\"robots\" content=\"index, follow, max-snippet:-1, max-image-preview:large, max-video-preview:-1\" \/>\n<link rel=\"canonical\" href=\"https:\/\/www.funshop.fi\/index.php\/tuote\/hoodie\/\" \/>\n<meta property=\"og:locale\" content=\"fi_FI\" \/>\n<meta property=\"og:type\" content=\"article\" \/>\n<meta property=\"og:title\" content=\"VINYYLILEVY PIZZALEIKKURI - FUNSHOP.FI\" \/>\n<meta property=\"og:description\" content=\"T\u00e4m\u00e4 pizza leikkuri on loistavasti muotoilu, joka sopii t\u00e4ydellisesti keitti\u00f6\u00f6si. Leikkurin muotoilu n\u00e4ytt\u00e4\u00e4 klassiselta vinyylilevylt\u00e4, mik\u00e4 tekee siit\u00e4 tyylikk\u00e4\u00e4n lis\u00e4tarvikkeen keitti\u00f6ss\u00e4si. Sen toimintaperiaate on t\u00e4sm\u00e4lleen sama kuin perinteisen Pizza leikkurin. Kevyt ja helppok\u00e4ytt\u00f6inen.\" \/>\n<meta property=\"og:url\" content=\"https:\/\/www.funshop.fi\/index.php\/tuote\/hoodie\/\" \/>\n<meta property=\"og:site_name\" content=\"FUNSHOP.FI\" \/>\n<meta property=\"article:modified_time\" content=\"2024-09-01T05:19:33+00:00\" \/>\n<meta property=\"og:image\" content=\"https:\/\/www.funshop.fi\/wp-content\/uploads\/2019\/09\/s-l1600.jpg\" \/>\n\t<meta property=\"og:image:width\" content=\"800\" \/>\n\t<meta property=\"og:image:height\" content=\"800\" \/>\n\t<meta property=\"og:image:type\" content=\"image\/jpeg\" \/>\n<meta name=\"twitter:card\" content=\"summary_large_image\" \/>\n<script type=\"application\/ld+json\" class=\"yoast-schema-graph\">{\"@context\":\"https:\\\/\\\/schema.org\",\"@graph\":[{\"@type\":\"WebPage\",\"@id\":\"https:\\\/\\\/www.funshop.fi\\\/index.php\\\/tuote\\\/hoodie\\\/\",\"url\":\"https:\\\/\\\/www.funshop.fi\\\/index.php\\\/tuote\\\/hoodie\\\/\",\"name\":\"VINYYLILEVY PIZZALEIKKURI - FUNSHOP.FI\",\"isPartOf\":{\"@id\":\"https:\\\/\\\/www.funshop.fi\\\/#website\"},\"primaryImageOfPage\":{\"@id\":\"https:\\\/\\\/www.funshop.fi\\\/index.php\\\/tuote\\\/hoodie\\\/#primaryimage\"},\"image\":{\"@id\":\"https:\\\/\\\/www.funshop.fi\\\/index.php\\\/tuote\\\/hoodie\\\/#primaryimage\"},\"thumbnailUrl\":\"https:\\\/\\\/www.funshop.fi\\\/wp-content\\\/uploads\\\/2019\\\/09\\\/s-l1600.jpg\",\"datePublished\":\"2019-09-26T15:27:37+00:00\",\"dateModified\":\"2024-09-01T05:19:33+00:00\",\"breadcrumb\":{\"@id\":\"https:\\\/\\\/www.funshop.fi\\\/index.php\\\/tuote\\\/hoodie\\\/#breadcrumb\"},\"inLanguage\":\"fi\",\"potentialAction\":[{\"@type\":\"ReadAction\",\"target\":[\"https:\\\/\\\/www.funshop.fi\\\/index.php\\\/tuote\\\/hoodie\\\/\"]}]},{\"@type\":\"ImageObject\",\"inLanguage\":\"fi\",\"@id\":\"https:\\\/\\\/www.funshop.fi\\\/index.php\\\/tuote\\\/hoodie\\\/#primaryimage\",\"url\":\"https:\\\/\\\/www.funshop.fi\\\/wp-content\\\/uploads\\\/2019\\\/09\\\/s-l1600.jpg\",\"contentUrl\":\"https:\\\/\\\/www.funshop.fi\\\/wp-content\\\/uploads\\\/2019\\\/09\\\/s-l1600.jpg\",\"width\":800,\"height\":800},{\"@type\":\"BreadcrumbList\",\"@id\":\"https:\\\/\\\/www.funshop.fi\\\/index.php\\\/tuote\\\/hoodie\\\/#breadcrumb\",\"itemListElement\":[{\"@type\":\"ListItem\",\"position\":1,\"name\":\"Etusivu\",\"item\":\"https:\\\/\\\/www.funshop.fi\\\/\"},{\"@type\":\"ListItem\",\"position\":2,\"name\":\"FUNSHOP\",\"item\":\"https:\\\/\\\/www.funshop.fi\\\/\"},{\"@type\":\"ListItem\",\"position\":3,\"name\":\"VINYYLILEVY PIZZALEIKKURI\"}]},{\"@type\":\"WebSite\",\"@id\":\"https:\\\/\\\/www.funshop.fi\\\/#website\",\"url\":\"https:\\\/\\\/www.funshop.fi\\\/\",\"name\":\"FUNSHOP.FI\",\"description\":\"Huvittavia tuotteita\",\"potentialAction\":[{\"@type\":\"SearchAction\",\"target\":{\"@type\":\"EntryPoint\",\"urlTemplate\":\"https:\\\/\\\/www.funshop.fi\\\/?s={search_term_string}\"},\"query-input\":{\"@type\":\"PropertyValueSpecification\",\"valueRequired\":true,\"valueName\":\"search_term_string\"}}],\"inLanguage\":\"fi\"}]}<\/script>\n<!-- \/ Yoast SEO plugin. -->","yoast_head_json":{"title":"VINYYLILEVY PIZZALEIKKURI - FUNSHOP.FI","robots":{"index":"index","follow":"follow","max-snippet":"max-snippet:-1","max-image-preview":"max-image-preview:large","max-video-preview":"max-video-preview:-1"},"canonical":"https:\/\/www.funshop.fi\/index.php\/tuote\/hoodie\/","og_locale":"fi_FI","og_type":"article","og_title":"VINYYLILEVY PIZZALEIKKURI - FUNSHOP.FI","og_description":"T\u00e4m\u00e4 pizza leikkuri on loistavasti muotoilu, joka sopii t\u00e4ydellisesti keitti\u00f6\u00f6si. Leikkurin muotoilu n\u00e4ytt\u00e4\u00e4 klassiselta vinyylilevylt\u00e4, mik\u00e4 tekee siit\u00e4 tyylikk\u00e4\u00e4n lis\u00e4tarvikkeen keitti\u00f6ss\u00e4si. Sen toimintaperiaate on t\u00e4sm\u00e4lleen sama kuin perinteisen Pizza leikkurin. Kevyt ja helppok\u00e4ytt\u00f6inen.","og_url":"https:\/\/www.funshop.fi\/index.php\/tuote\/hoodie\/","og_site_name":"FUNSHOP.FI","article_modified_time":"2024-09-01T05:19:33+00:00","og_image":[{"width":800,"height":800,"url":"https:\/\/www.funshop.fi\/wp-content\/uploads\/2019\/09\/s-l1600.jpg","type":"image\/jpeg"}],"twitter_card":"summary_large_image","schema":{"@context":"https:\/\/schema.org","@graph":[{"@type":"WebPage","@id":"https:\/\/www.funshop.fi\/index.php\/tuote\/hoodie\/","url":"https:\/\/www.funshop.fi\/index.php\/tuote\/hoodie\/","name":"VINYYLILEVY PIZZALEIKKURI - FUNSHOP.FI","isPartOf":{"@id":"https:\/\/www.funshop.fi\/#website"},"primaryImageOfPage":{"@id":"https:\/\/www.funshop.fi\/index.php\/tuote\/hoodie\/#primaryimage"},"image":{"@id":"https:\/\/www.funshop.fi\/index.php\/tuote\/hoodie\/#primaryimage"},"thumbnailUrl":"https:\/\/www.funshop.fi\/wp-content\/uploads\/2019\/09\/s-l1600.jpg","datePublished":"2019-09-26T15:27:37+00:00","dateModified":"2024-09-01T05:19:33+00:00","breadcrumb":{"@id":"https:\/\/www.funshop.fi\/index.php\/tuote\/hoodie\/#breadcrumb"},"inLanguage":"fi","potentialAction":[{"@type":"ReadAction","target":["https:\/\/www.funshop.fi\/index.php\/tuote\/hoodie\/"]}]},{"@type":"ImageObject","inLanguage":"fi","@id":"https:\/\/www.funshop.fi\/index.php\/tuote\/hoodie\/#primaryimage","url":"https:\/\/www.funshop.fi\/wp-content\/uploads\/2019\/09\/s-l1600.jpg","contentUrl":"https:\/\/www.funshop.fi\/wp-content\/uploads\/2019\/09\/s-l1600.jpg","width":800,"height":800},{"@type":"BreadcrumbList","@id":"https:\/\/www.funshop.fi\/index.php\/tuote\/hoodie\/#breadcrumb","itemListElement":[{"@type":"ListItem","position":1,"name":"Etusivu","item":"https:\/\/www.funshop.fi\/"},{"@type":"ListItem","position":2,"name":"FUNSHOP","item":"https:\/\/www.funshop.fi\/"},{"@type":"ListItem","position":3,"name":"VINYYLILEVY PIZZALEIKKURI"}]},{"@type":"WebSite","@id":"https:\/\/www.funshop.fi\/#website","url":"https:\/\/www.funshop.fi\/","name":"FUNSHOP.FI","description":"Huvittavia tuotteita","potentialAction":[{"@type":"SearchAction","target":{"@type":"EntryPoint","urlTemplate":"https:\/\/www.funshop.fi\/?s={search_term_string}"},"query-input":{"@type":"PropertyValueSpecification","valueRequired":true,"valueName":"search_term_string"}}],"inLanguage":"fi"}]}},"_links":{"self":[{"href":"https:\/\/www.funshop.fi\/index.php\/wp-json\/wp\/v2\/product\/46","targetHints":{"allow":["GET"]}}],"collection":[{"href":"https:\/\/www.funshop.fi\/index.php\/wp-json\/wp\/v2\/product"}],"about":[{"href":"https:\/\/www.funshop.fi\/index.php\/wp-json\/wp\/v2\/types\/product"}],"wp:featuredmedia":[{"embeddable":true,"href":"https:\/\/www.funshop.fi\/index.php\/wp-json\/wp\/v2\/media\/199"}],"wp:attachment":[{"href":"https:\/\/www.funshop.fi\/index.php\/wp-json\/wp\/v2\/media?parent=46"}],"wp:term":[{"taxonomy":"product_brand","embeddable":true,"href":"https:\/\/www.funshop.fi\/index.php\/wp-json\/wp\/v2\/product_brand?post=46"},{"taxonomy":"product_cat","embeddable":true,"href":"https:\/\/www.funshop.fi\/index.php\/wp-json\/wp\/v2\/product_cat?post=46"},{"taxonomy":"product_tag","embeddable":true,"href":"https:\/\/www.funshop.fi\/index.php\/wp-json\/wp\/v2\/product_tag?post=46"}],"curies":[{"name":"wp","href":"https:\/\/api.w.org\/{rel}","templated":true}]}}