{"id":1683,"date":"2019-10-24T06:28:55","date_gmt":"2019-10-24T06:28:55","guid":{"rendered":"https:\/\/www.funshop.fi\/?post_type=product&#038;p=1683"},"modified":"2022-01-29T08:30:34","modified_gmt":"2022-01-29T08:30:34","slug":"lasin-tuopin-alunen","status":"publish","type":"product","link":"https:\/\/www.funshop.fi\/index.php\/tuote\/lasin-tuopin-alunen\/","title":{"rendered":"LASIN\/TUOPIN ALUNEN 2kpl SETTI"},"content":{"rendered":"","protected":false},"excerpt":{"rendered":"<p>2 kpl setti, Kiilt\u00e4v\u00e4 pahvi p\u00e4\u00e4llinen\/ korkkipohja, 10x10cm<\/p>\n[video width=\"720\" height=\"400\" mp4=\"https:\/\/www.funshop.fi\/wp-content\/uploads\/2019\/10\/alu.mp4\"][\/video]\n","protected":false},"featured_media":1686,"template":"","meta":{"om_disable_all_campaigns":false,"_exactmetrics_skip_tracking":false,"_exactmetrics_sitenote_active":false,"_exactmetrics_sitenote_note":"","_exactmetrics_sitenote_category":0},"product_brand":[],"product_cat":[15],"product_tag":[],"class_list":{"0":"post-1683","1":"product","2":"type-product","3":"status-publish","4":"has-post-thumbnail","6":"product_cat-yleinen","7":"product_shipping_class-kirje","9":"first","10":"instock","11":"taxable","12":"shipping-taxable","13":"purchasable","14":"product-type-simple"},"aioseo_notices":[],"yoast_head":"<!-- This site is optimized with the Yoast SEO plugin v27.6 - https:\/\/yoast.com\/product\/yoast-seo-wordpress\/ -->\n<title>LASIN\/TUOPIN ALUNEN 2kpl SETTI - FUNSHOP.FI<\/title>\n<meta name=\"robots\" content=\"index, follow, max-snippet:-1, max-image-preview:large, max-video-preview:-1\" \/>\n<link rel=\"canonical\" href=\"https:\/\/www.funshop.fi\/index.php\/tuote\/lasin-tuopin-alunen\/\" \/>\n<meta property=\"og:locale\" content=\"fi_FI\" \/>\n<meta property=\"og:type\" content=\"article\" \/>\n<meta property=\"og:title\" content=\"LASIN\/TUOPIN ALUNEN 2kpl SETTI - FUNSHOP.FI\" \/>\n<meta property=\"og:description\" content=\"2 kpl setti, Kiilt\u00e4v\u00e4 pahvi p\u00e4\u00e4llinen\/ korkkipohja, 10x10cm\" \/>\n<meta property=\"og:url\" content=\"https:\/\/www.funshop.fi\/index.php\/tuote\/lasin-tuopin-alunen\/\" \/>\n<meta property=\"og:site_name\" content=\"FUNSHOP.FI\" \/>\n<meta property=\"article:modified_time\" content=\"2022-01-29T08:30:34+00:00\" \/>\n<meta property=\"og:image\" content=\"https:\/\/www.funshop.fi\/wp-content\/uploads\/2019\/10\/alu2.png\" \/>\n\t<meta property=\"og:image:width\" content=\"1992\" \/>\n\t<meta property=\"og:image:height\" content=\"1972\" \/>\n\t<meta property=\"og:image:type\" content=\"image\/png\" \/>\n<meta name=\"twitter:card\" content=\"summary_large_image\" \/>\n<script type=\"application\/ld+json\" class=\"yoast-schema-graph\">{\"@context\":\"https:\\\/\\\/schema.org\",\"@graph\":[{\"@type\":\"WebPage\",\"@id\":\"https:\\\/\\\/www.funshop.fi\\\/index.php\\\/tuote\\\/lasin-tuopin-alunen\\\/\",\"url\":\"https:\\\/\\\/www.funshop.fi\\\/index.php\\\/tuote\\\/lasin-tuopin-alunen\\\/\",\"name\":\"LASIN\\\/TUOPIN ALUNEN 2kpl SETTI - FUNSHOP.FI\",\"isPartOf\":{\"@id\":\"https:\\\/\\\/www.funshop.fi\\\/#website\"},\"primaryImageOfPage\":{\"@id\":\"https:\\\/\\\/www.funshop.fi\\\/index.php\\\/tuote\\\/lasin-tuopin-alunen\\\/#primaryimage\"},\"image\":{\"@id\":\"https:\\\/\\\/www.funshop.fi\\\/index.php\\\/tuote\\\/lasin-tuopin-alunen\\\/#primaryimage\"},\"thumbnailUrl\":\"https:\\\/\\\/www.funshop.fi\\\/wp-content\\\/uploads\\\/2019\\\/10\\\/alu2.png\",\"datePublished\":\"2019-10-24T06:28:55+00:00\",\"dateModified\":\"2022-01-29T08:30:34+00:00\",\"breadcrumb\":{\"@id\":\"https:\\\/\\\/www.funshop.fi\\\/index.php\\\/tuote\\\/lasin-tuopin-alunen\\\/#breadcrumb\"},\"inLanguage\":\"fi\",\"potentialAction\":[{\"@type\":\"ReadAction\",\"target\":[\"https:\\\/\\\/www.funshop.fi\\\/index.php\\\/tuote\\\/lasin-tuopin-alunen\\\/\"]}]},{\"@type\":\"ImageObject\",\"inLanguage\":\"fi\",\"@id\":\"https:\\\/\\\/www.funshop.fi\\\/index.php\\\/tuote\\\/lasin-tuopin-alunen\\\/#primaryimage\",\"url\":\"https:\\\/\\\/www.funshop.fi\\\/wp-content\\\/uploads\\\/2019\\\/10\\\/alu2.png\",\"contentUrl\":\"https:\\\/\\\/www.funshop.fi\\\/wp-content\\\/uploads\\\/2019\\\/10\\\/alu2.png\",\"width\":1992,\"height\":1972},{\"@type\":\"BreadcrumbList\",\"@id\":\"https:\\\/\\\/www.funshop.fi\\\/index.php\\\/tuote\\\/lasin-tuopin-alunen\\\/#breadcrumb\",\"itemListElement\":[{\"@type\":\"ListItem\",\"position\":1,\"name\":\"Etusivu\",\"item\":\"https:\\\/\\\/www.funshop.fi\\\/\"},{\"@type\":\"ListItem\",\"position\":2,\"name\":\"FUNSHOP\",\"item\":\"https:\\\/\\\/www.funshop.fi\\\/\"},{\"@type\":\"ListItem\",\"position\":3,\"name\":\"LASIN\\\/TUOPIN ALUNEN 2kpl SETTI\"}]},{\"@type\":\"WebSite\",\"@id\":\"https:\\\/\\\/www.funshop.fi\\\/#website\",\"url\":\"https:\\\/\\\/www.funshop.fi\\\/\",\"name\":\"FUNSHOP.FI\",\"description\":\"Huvittavia tuotteita\",\"potentialAction\":[{\"@type\":\"SearchAction\",\"target\":{\"@type\":\"EntryPoint\",\"urlTemplate\":\"https:\\\/\\\/www.funshop.fi\\\/?s={search_term_string}\"},\"query-input\":{\"@type\":\"PropertyValueSpecification\",\"valueRequired\":true,\"valueName\":\"search_term_string\"}}],\"inLanguage\":\"fi\"}]}<\/script>\n<!-- \/ Yoast SEO plugin. -->","yoast_head_json":{"title":"LASIN\/TUOPIN ALUNEN 2kpl SETTI - FUNSHOP.FI","robots":{"index":"index","follow":"follow","max-snippet":"max-snippet:-1","max-image-preview":"max-image-preview:large","max-video-preview":"max-video-preview:-1"},"canonical":"https:\/\/www.funshop.fi\/index.php\/tuote\/lasin-tuopin-alunen\/","og_locale":"fi_FI","og_type":"article","og_title":"LASIN\/TUOPIN ALUNEN 2kpl SETTI - FUNSHOP.FI","og_description":"2 kpl setti, Kiilt\u00e4v\u00e4 pahvi p\u00e4\u00e4llinen\/ korkkipohja, 10x10cm","og_url":"https:\/\/www.funshop.fi\/index.php\/tuote\/lasin-tuopin-alunen\/","og_site_name":"FUNSHOP.FI","article_modified_time":"2022-01-29T08:30:34+00:00","og_image":[{"width":1992,"height":1972,"url":"https:\/\/www.funshop.fi\/wp-content\/uploads\/2019\/10\/alu2.png","type":"image\/png"}],"twitter_card":"summary_large_image","schema":{"@context":"https:\/\/schema.org","@graph":[{"@type":"WebPage","@id":"https:\/\/www.funshop.fi\/index.php\/tuote\/lasin-tuopin-alunen\/","url":"https:\/\/www.funshop.fi\/index.php\/tuote\/lasin-tuopin-alunen\/","name":"LASIN\/TUOPIN ALUNEN 2kpl SETTI - FUNSHOP.FI","isPartOf":{"@id":"https:\/\/www.funshop.fi\/#website"},"primaryImageOfPage":{"@id":"https:\/\/www.funshop.fi\/index.php\/tuote\/lasin-tuopin-alunen\/#primaryimage"},"image":{"@id":"https:\/\/www.funshop.fi\/index.php\/tuote\/lasin-tuopin-alunen\/#primaryimage"},"thumbnailUrl":"https:\/\/www.funshop.fi\/wp-content\/uploads\/2019\/10\/alu2.png","datePublished":"2019-10-24T06:28:55+00:00","dateModified":"2022-01-29T08:30:34+00:00","breadcrumb":{"@id":"https:\/\/www.funshop.fi\/index.php\/tuote\/lasin-tuopin-alunen\/#breadcrumb"},"inLanguage":"fi","potentialAction":[{"@type":"ReadAction","target":["https:\/\/www.funshop.fi\/index.php\/tuote\/lasin-tuopin-alunen\/"]}]},{"@type":"ImageObject","inLanguage":"fi","@id":"https:\/\/www.funshop.fi\/index.php\/tuote\/lasin-tuopin-alunen\/#primaryimage","url":"https:\/\/www.funshop.fi\/wp-content\/uploads\/2019\/10\/alu2.png","contentUrl":"https:\/\/www.funshop.fi\/wp-content\/uploads\/2019\/10\/alu2.png","width":1992,"height":1972},{"@type":"BreadcrumbList","@id":"https:\/\/www.funshop.fi\/index.php\/tuote\/lasin-tuopin-alunen\/#breadcrumb","itemListElement":[{"@type":"ListItem","position":1,"name":"Etusivu","item":"https:\/\/www.funshop.fi\/"},{"@type":"ListItem","position":2,"name":"FUNSHOP","item":"https:\/\/www.funshop.fi\/"},{"@type":"ListItem","position":3,"name":"LASIN\/TUOPIN ALUNEN 2kpl SETTI"}]},{"@type":"WebSite","@id":"https:\/\/www.funshop.fi\/#website","url":"https:\/\/www.funshop.fi\/","name":"FUNSHOP.FI","description":"Huvittavia tuotteita","potentialAction":[{"@type":"SearchAction","target":{"@type":"EntryPoint","urlTemplate":"https:\/\/www.funshop.fi\/?s={search_term_string}"},"query-input":{"@type":"PropertyValueSpecification","valueRequired":true,"valueName":"search_term_string"}}],"inLanguage":"fi"}]}},"_links":{"self":[{"href":"https:\/\/www.funshop.fi\/index.php\/wp-json\/wp\/v2\/product\/1683","targetHints":{"allow":["GET"]}}],"collection":[{"href":"https:\/\/www.funshop.fi\/index.php\/wp-json\/wp\/v2\/product"}],"about":[{"href":"https:\/\/www.funshop.fi\/index.php\/wp-json\/wp\/v2\/types\/product"}],"wp:featuredmedia":[{"embeddable":true,"href":"https:\/\/www.funshop.fi\/index.php\/wp-json\/wp\/v2\/media\/1686"}],"wp:attachment":[{"href":"https:\/\/www.funshop.fi\/index.php\/wp-json\/wp\/v2\/media?parent=1683"}],"wp:term":[{"taxonomy":"product_brand","embeddable":true,"href":"https:\/\/www.funshop.fi\/index.php\/wp-json\/wp\/v2\/product_brand?post=1683"},{"taxonomy":"product_cat","embeddable":true,"href":"https:\/\/www.funshop.fi\/index.php\/wp-json\/wp\/v2\/product_cat?post=1683"},{"taxonomy":"product_tag","embeddable":true,"href":"https:\/\/www.funshop.fi\/index.php\/wp-json\/wp\/v2\/product_tag?post=1683"}],"curies":[{"name":"wp","href":"https:\/\/api.w.org\/{rel}","templated":true}]}}