{"id":1396,"date":"2019-10-19T06:41:18","date_gmt":"2019-10-19T06:41:18","guid":{"rendered":"https:\/\/www.funshop.fi\/?post_type=product&#038;p=1396"},"modified":"2024-10-27T12:54:15","modified_gmt":"2024-10-27T12:54:15","slug":"lisaa-olutte-t-paita","status":"publish","type":"product","link":"https:\/\/www.funshop.fi\/index.php\/tuote\/lisaa-olutte-t-paita\/","title":{"rendered":"LIS\u00c4\u00c4 OLUTTA T-PAITA"},"content":{"rendered":"","protected":false},"excerpt":{"rendered":"<p>Tartteis lis\u00e4\u00e4 juomaa \ud83d\ude42 Musta T-paita<\/p>\n","protected":false},"featured_media":1408,"template":"","meta":{"om_disable_all_campaigns":false,"_exactmetrics_skip_tracking":false,"_exactmetrics_sitenote_active":false,"_exactmetrics_sitenote_note":"","_exactmetrics_sitenote_category":0},"product_brand":[],"product_cat":[27],"product_tag":[],"class_list":{"0":"post-1396","1":"product","2":"type-product","3":"status-publish","4":"has-post-thumbnail","6":"product_cat-t-paidat","7":"product_shipping_class-kirje","9":"first","10":"instock","11":"taxable","12":"shipping-taxable","13":"purchasable","14":"product-type-variable"},"aioseo_notices":[],"yoast_head":"<!-- This site is optimized with the Yoast SEO plugin v27.4 - https:\/\/yoast.com\/product\/yoast-seo-wordpress\/ -->\n<title>LIS\u00c4\u00c4 OLUTTA T-PAITA - FUNSHOP.FI<\/title>\n<meta name=\"robots\" content=\"index, follow, max-snippet:-1, max-image-preview:large, max-video-preview:-1\" \/>\n<link rel=\"canonical\" href=\"https:\/\/www.funshop.fi\/index.php\/tuote\/lisaa-olutte-t-paita\/\" \/>\n<meta property=\"og:locale\" content=\"fi_FI\" \/>\n<meta property=\"og:type\" content=\"article\" \/>\n<meta property=\"og:title\" content=\"LIS\u00c4\u00c4 OLUTTA T-PAITA - FUNSHOP.FI\" \/>\n<meta property=\"og:description\" content=\"Tartteis lis\u00e4\u00e4 juomaa :) Musta T-paita\" \/>\n<meta property=\"og:url\" content=\"https:\/\/www.funshop.fi\/index.php\/tuote\/lisaa-olutte-t-paita\/\" \/>\n<meta property=\"og:site_name\" content=\"FUNSHOP.FI\" \/>\n<meta property=\"article:modified_time\" content=\"2024-10-27T12:54:15+00:00\" \/>\n<meta property=\"og:image\" content=\"https:\/\/www.funshop.fi\/wp-content\/uploads\/2019\/10\/moreolutpaita.jpg\" \/>\n\t<meta property=\"og:image:width\" content=\"2405\" \/>\n\t<meta property=\"og:image:height\" content=\"3047\" \/>\n\t<meta property=\"og:image:type\" content=\"image\/jpeg\" \/>\n<meta name=\"twitter:card\" content=\"summary_large_image\" \/>\n<script type=\"application\/ld+json\" class=\"yoast-schema-graph\">{\"@context\":\"https:\\\/\\\/schema.org\",\"@graph\":[{\"@type\":\"WebPage\",\"@id\":\"https:\\\/\\\/www.funshop.fi\\\/index.php\\\/tuote\\\/lisaa-olutte-t-paita\\\/\",\"url\":\"https:\\\/\\\/www.funshop.fi\\\/index.php\\\/tuote\\\/lisaa-olutte-t-paita\\\/\",\"name\":\"LIS\u00c4\u00c4 OLUTTA T-PAITA - FUNSHOP.FI\",\"isPartOf\":{\"@id\":\"https:\\\/\\\/www.funshop.fi\\\/#website\"},\"primaryImageOfPage\":{\"@id\":\"https:\\\/\\\/www.funshop.fi\\\/index.php\\\/tuote\\\/lisaa-olutte-t-paita\\\/#primaryimage\"},\"image\":{\"@id\":\"https:\\\/\\\/www.funshop.fi\\\/index.php\\\/tuote\\\/lisaa-olutte-t-paita\\\/#primaryimage\"},\"thumbnailUrl\":\"https:\\\/\\\/www.funshop.fi\\\/wp-content\\\/uploads\\\/2019\\\/10\\\/moreolutpaita.jpg\",\"datePublished\":\"2019-10-19T06:41:18+00:00\",\"dateModified\":\"2024-10-27T12:54:15+00:00\",\"breadcrumb\":{\"@id\":\"https:\\\/\\\/www.funshop.fi\\\/index.php\\\/tuote\\\/lisaa-olutte-t-paita\\\/#breadcrumb\"},\"inLanguage\":\"fi\",\"potentialAction\":[{\"@type\":\"ReadAction\",\"target\":[\"https:\\\/\\\/www.funshop.fi\\\/index.php\\\/tuote\\\/lisaa-olutte-t-paita\\\/\"]}]},{\"@type\":\"ImageObject\",\"inLanguage\":\"fi\",\"@id\":\"https:\\\/\\\/www.funshop.fi\\\/index.php\\\/tuote\\\/lisaa-olutte-t-paita\\\/#primaryimage\",\"url\":\"https:\\\/\\\/www.funshop.fi\\\/wp-content\\\/uploads\\\/2019\\\/10\\\/moreolutpaita.jpg\",\"contentUrl\":\"https:\\\/\\\/www.funshop.fi\\\/wp-content\\\/uploads\\\/2019\\\/10\\\/moreolutpaita.jpg\",\"width\":2405,\"height\":3047},{\"@type\":\"BreadcrumbList\",\"@id\":\"https:\\\/\\\/www.funshop.fi\\\/index.php\\\/tuote\\\/lisaa-olutte-t-paita\\\/#breadcrumb\",\"itemListElement\":[{\"@type\":\"ListItem\",\"position\":1,\"name\":\"Etusivu\",\"item\":\"https:\\\/\\\/www.funshop.fi\\\/\"},{\"@type\":\"ListItem\",\"position\":2,\"name\":\"FUNSHOP\",\"item\":\"https:\\\/\\\/www.funshop.fi\\\/\"},{\"@type\":\"ListItem\",\"position\":3,\"name\":\"LIS\u00c4\u00c4 OLUTTA T-PAITA\"}]},{\"@type\":\"WebSite\",\"@id\":\"https:\\\/\\\/www.funshop.fi\\\/#website\",\"url\":\"https:\\\/\\\/www.funshop.fi\\\/\",\"name\":\"FUNSHOP.FI\",\"description\":\"Huvittavia tuotteita\",\"potentialAction\":[{\"@type\":\"SearchAction\",\"target\":{\"@type\":\"EntryPoint\",\"urlTemplate\":\"https:\\\/\\\/www.funshop.fi\\\/?s={search_term_string}\"},\"query-input\":{\"@type\":\"PropertyValueSpecification\",\"valueRequired\":true,\"valueName\":\"search_term_string\"}}],\"inLanguage\":\"fi\"}]}<\/script>\n<!-- \/ Yoast SEO plugin. -->","yoast_head_json":{"title":"LIS\u00c4\u00c4 OLUTTA T-PAITA - FUNSHOP.FI","robots":{"index":"index","follow":"follow","max-snippet":"max-snippet:-1","max-image-preview":"max-image-preview:large","max-video-preview":"max-video-preview:-1"},"canonical":"https:\/\/www.funshop.fi\/index.php\/tuote\/lisaa-olutte-t-paita\/","og_locale":"fi_FI","og_type":"article","og_title":"LIS\u00c4\u00c4 OLUTTA T-PAITA - FUNSHOP.FI","og_description":"Tartteis lis\u00e4\u00e4 juomaa :) Musta T-paita","og_url":"https:\/\/www.funshop.fi\/index.php\/tuote\/lisaa-olutte-t-paita\/","og_site_name":"FUNSHOP.FI","article_modified_time":"2024-10-27T12:54:15+00:00","og_image":[{"width":2405,"height":3047,"url":"https:\/\/www.funshop.fi\/wp-content\/uploads\/2019\/10\/moreolutpaita.jpg","type":"image\/jpeg"}],"twitter_card":"summary_large_image","schema":{"@context":"https:\/\/schema.org","@graph":[{"@type":"WebPage","@id":"https:\/\/www.funshop.fi\/index.php\/tuote\/lisaa-olutte-t-paita\/","url":"https:\/\/www.funshop.fi\/index.php\/tuote\/lisaa-olutte-t-paita\/","name":"LIS\u00c4\u00c4 OLUTTA T-PAITA - FUNSHOP.FI","isPartOf":{"@id":"https:\/\/www.funshop.fi\/#website"},"primaryImageOfPage":{"@id":"https:\/\/www.funshop.fi\/index.php\/tuote\/lisaa-olutte-t-paita\/#primaryimage"},"image":{"@id":"https:\/\/www.funshop.fi\/index.php\/tuote\/lisaa-olutte-t-paita\/#primaryimage"},"thumbnailUrl":"https:\/\/www.funshop.fi\/wp-content\/uploads\/2019\/10\/moreolutpaita.jpg","datePublished":"2019-10-19T06:41:18+00:00","dateModified":"2024-10-27T12:54:15+00:00","breadcrumb":{"@id":"https:\/\/www.funshop.fi\/index.php\/tuote\/lisaa-olutte-t-paita\/#breadcrumb"},"inLanguage":"fi","potentialAction":[{"@type":"ReadAction","target":["https:\/\/www.funshop.fi\/index.php\/tuote\/lisaa-olutte-t-paita\/"]}]},{"@type":"ImageObject","inLanguage":"fi","@id":"https:\/\/www.funshop.fi\/index.php\/tuote\/lisaa-olutte-t-paita\/#primaryimage","url":"https:\/\/www.funshop.fi\/wp-content\/uploads\/2019\/10\/moreolutpaita.jpg","contentUrl":"https:\/\/www.funshop.fi\/wp-content\/uploads\/2019\/10\/moreolutpaita.jpg","width":2405,"height":3047},{"@type":"BreadcrumbList","@id":"https:\/\/www.funshop.fi\/index.php\/tuote\/lisaa-olutte-t-paita\/#breadcrumb","itemListElement":[{"@type":"ListItem","position":1,"name":"Etusivu","item":"https:\/\/www.funshop.fi\/"},{"@type":"ListItem","position":2,"name":"FUNSHOP","item":"https:\/\/www.funshop.fi\/"},{"@type":"ListItem","position":3,"name":"LIS\u00c4\u00c4 OLUTTA T-PAITA"}]},{"@type":"WebSite","@id":"https:\/\/www.funshop.fi\/#website","url":"https:\/\/www.funshop.fi\/","name":"FUNSHOP.FI","description":"Huvittavia tuotteita","potentialAction":[{"@type":"SearchAction","target":{"@type":"EntryPoint","urlTemplate":"https:\/\/www.funshop.fi\/?s={search_term_string}"},"query-input":{"@type":"PropertyValueSpecification","valueRequired":true,"valueName":"search_term_string"}}],"inLanguage":"fi"}]}},"_links":{"self":[{"href":"https:\/\/www.funshop.fi\/index.php\/wp-json\/wp\/v2\/product\/1396","targetHints":{"allow":["GET"]}}],"collection":[{"href":"https:\/\/www.funshop.fi\/index.php\/wp-json\/wp\/v2\/product"}],"about":[{"href":"https:\/\/www.funshop.fi\/index.php\/wp-json\/wp\/v2\/types\/product"}],"wp:featuredmedia":[{"embeddable":true,"href":"https:\/\/www.funshop.fi\/index.php\/wp-json\/wp\/v2\/media\/1408"}],"wp:attachment":[{"href":"https:\/\/www.funshop.fi\/index.php\/wp-json\/wp\/v2\/media?parent=1396"}],"wp:term":[{"taxonomy":"product_brand","embeddable":true,"href":"https:\/\/www.funshop.fi\/index.php\/wp-json\/wp\/v2\/product_brand?post=1396"},{"taxonomy":"product_cat","embeddable":true,"href":"https:\/\/www.funshop.fi\/index.php\/wp-json\/wp\/v2\/product_cat?post=1396"},{"taxonomy":"product_tag","embeddable":true,"href":"https:\/\/www.funshop.fi\/index.php\/wp-json\/wp\/v2\/product_tag?post=1396"}],"curies":[{"name":"wp","href":"https:\/\/api.w.org\/{rel}","templated":true}]}}