{"id":112,"date":"2019-09-27T05:03:56","date_gmt":"2019-09-27T05:03:56","guid":{"rendered":"https:\/\/www.funshop.fi\/?page_id=112"},"modified":"2026-03-03T08:34:52","modified_gmt":"2026-03-03T08:34:52","slug":"toimitusehdot","status":"publish","type":"page","link":"https:\/\/www.funshop.fi\/index.php\/toimitusehdot\/","title":{"rendered":"Toimitusehdot"},"content":{"rendered":"\n<p>Tuotteiden hinnat sis\u00e4lt\u00e4v\u00e4t alv 25,5 %. Maksu suoritetaan Euro valuutassa. Pid\u00e4t\u00e4mme oikeuden hinnanmuutoksiin. Jos jonkin tuotteen saatavuus loppuu tai pitkittyy kohtuuttomasti, pid\u00e4t\u00e4mme oikeuden yksipuolisesti perua osia tilauksesta toimituksen nopeuttamiseksi. L\u00e4het\u00e4mme tilauksesta tilausvahvistuksen s\u00e4hk\u00f6postilla. Tilausvahvistuksen saaminen edellytt\u00e4\u00e4 s\u00e4hk\u00f6postiosoitteen ilmoittamisen tilauksen yhteydess\u00e4. Sopimus syntyy tilausvahvistuksen yhteydess\u00e4.<\/p>\n\n\n\n<p>Tilauksen loppusummaan lis\u00e4t\u00e4\u00e4n toimituskulut. Tuote\/tuotteet saapuvat postissa n. 3-7vrk kuluessa tilauksesta.<\/p>\n\n\n\n<p>Voit valita maksutavaksi Klarnan. Klarna tarjoaa sinulle tarkat maksuehdot. Lis\u00e4tietoja tai maksua koskevissa kysymyksiss\u00e4 vieraile\u00a0<a href=\"https:\/\/www.klarna.com\/fi\/\" target=\"_blank\" rel=\"noreferrer noopener\">Klarnan verkkosivustolla<\/a>.<\/p>\n\n\n\n<p><\/p>\n\n\n\n<p><strong>POSTIKULUT:<\/strong><\/p>\n\n\n\n<p><strong>Suomeen 4-12 euroa<\/strong>, <strong>tuotteen\/painon mukaan. <\/strong><\/p>\n\n\n<div class=\"wp-block-image\">\n<figure class=\"aligncenter size-full\"><img loading=\"lazy\" decoding=\"async\" width=\"567\" height=\"124\" src=\"https:\/\/www.funshop.fi\/wp-content\/uploads\/2025\/11\/pay255.jpg\" alt=\"\" class=\"wp-image-6518\" srcset=\"https:\/\/www.funshop.fi\/wp-content\/uploads\/2025\/11\/pay255.jpg 567w, https:\/\/www.funshop.fi\/wp-content\/uploads\/2025\/11\/pay255-300x66.jpg 300w, https:\/\/www.funshop.fi\/wp-content\/uploads\/2025\/11\/pay255-416x91.jpg 416w\" sizes=\"auto, (max-width: 567px) 100vw, 567px\" \/><\/figure>\n<\/div>\n\n\n<p><strong>PALAUTUS<\/strong><\/p>\n\n\n\n<p>Jos et jostain syyst\u00e4 ole tyytyv\u00e4inen ostokseesi, voit palauttaa sen kuluttajansuojalain nojalla 14 p\u00e4iv\u00e4n sis\u00e4ll\u00e4 ilman mit\u00e4\u00e4n erityisi\u00e4 syit\u00e4; jos olet p\u00e4\u00e4tt\u00e4nyt palauttaa, otamme tuotteen n\u00f6yr\u00e4sti takaisin. Maksettu summa hyvitet\u00e4\u00e4n tilillenne 30pv\u00e4n kuluessa, mik\u00e4li tilinumero ilmoitetaan meille ja kuittikopio on liitettyn\u00e4 l\u00e4hetykseen.<\/p>\n\n\n\n<p>Muistathan, ett\u00e4 palauttamasi tuotteen tulee olla alkuper\u00e4isess\u00e4 kunnossa ja k\u00e4ytt\u00e4m\u00e4t\u00f6n.<\/p>\n\n\n\n<p>Jos tuote on vioittunut tai muuten ep\u00e4kelpo, l\u00e4het\u00e4 tuote meille (asiakaspalautus) ja ilmoita haluatko uuden tilalle vai rahat takaisin. Molemmissa tapauksissa tulee l\u00e4hetyksen mukana AINA olla ostoksen yhteydess\u00e4 saamanne laskukopio.<\/p>\n\n\n\n<p>Palauttaessanne tuotteen liitt\u00e4k\u00e4\u00e4 mukaan laskumme sek\u00e4 vapaamuotoinen kirje, josta k\u00e4y ilmi mit\u00e4 vikaa tuotteessa on sek\u00e4 mahdolliset vaihtotoiveet tai tilinumero rahojen palautusta varten.<\/p>\n\n\n\n<p><strong>TIETOSUOJA<\/strong><\/p>\n\n\n\n<p>Tilauksen yhteydess\u00e4 kysyttyj\u00e4 yhteystietoja ei k\u00e4ytet\u00e4 muuhun kuin tilauksen toimitukseen tai siin\u00e4 ilmenevien ep\u00e4selvyyksien selvitt\u00e4miseen. Yhteystietoja ei luovuteta eteenp\u00e4in eik\u00e4 niit\u00e4 k\u00e4ytet\u00e4 suoramarkkinointiin tai mihink\u00e4\u00e4n muuhunkaan tilauksen toimitusta koskemattomaan asiaan.<\/p>\n\n\n\n<p>Asiakasrekisteriimme emme tilaustietoja ilman eri sopimusta sy\u00f6t\u00e4, mutta tilauksen tulosteen arkistoimme niin elektronisesti kuin paperillakin silt\u00e4 varalta, ett\u00e4 tilauksen suhteen ilmenee my\u00f6hemmin ep\u00e4selvyyksi\u00e4.<\/p>\n\n\n\n<p>Manuaalinen aineisto s\u00e4ilytet\u00e4\u00e4n niin, etteiv\u00e4t ulkopuoliset tai muut kolmannet osapuolet p\u00e4\u00e4se rekisterin tietoihin k\u00e4siksi. Kaikki vanhentunut tai virheellinen tieto h\u00e4vitet\u00e4\u00e4n.<\/p>\n\n\n\n<p>Elektronisesti talletetut tiedot s\u00e4ilytet\u00e4\u00e4n niin, etteiv\u00e4t ulkopuoliset tai muut kolmannet osapuolet p\u00e4\u00e4se rekisterin tietoihin k\u00e4siksi. Kaikki vanhentunut tai virheellinen tieto h\u00e4vitet\u00e4\u00e4n.<\/p>\n\n\n\n<p><strong>MUUTA<\/strong><\/p>\n\n\n\n<p>Tilauksien toimituksen pitkittyess\u00e4 kohtuuttomasti (Yli nelj\u00e4 viikkoa) pid\u00e4t\u00e4mme oikeuden yksipuolisesti perua osia tilauksesta saatavilla olevien tavaroiden toimittamiseksi. T\u00e4llaisessa tilanteessa merkitsemme laskuun kaikki ne tuotteet jotka seuraavat per\u00e4ss\u00e4 j\u00e4lkitoimituksena. Postikulut on joko jaettu kahtia tai peritty ensimm\u00e4isess\u00e4 l\u00e4hetyksess\u00e4 kokonaan.<\/p>\n\n\n\n<p>Mik\u00e4li sivuilla olevissa hinta- ym. tiedoissa esiintyy ilmeisi\u00e4 kirjoitus-, laskenta- tai tietojenk\u00e4sittelyvirheit\u00e4, Finnish All Music &amp; Media Oy ei ole velvollinen toimittamaan tuotteita n\u00e4iden virheellisten tietojen mukaisesti. Tilaaja p\u00e4\u00e4tt\u00e4\u00e4 haluaako h\u00e4n toimituksen korjatuin ehdoin ja tiedoin.<\/p>\n\n\n\n<p><strong>Maksupalvelutarjoaja<\/strong><br><br>Maksunv\u00e4lityspalvelun toteuttajana ja maksupalveluntarjoajana toimii Paytrail Oyj (2122839-7) yhteisty\u00f6ss\u00e4 suomalaisten pankkien ja luottolaitosten kanssa. Paytrail Oyj n\u00e4kyy maksun saajana tiliotteella tai korttilaskulla ja v\u00e4litt\u00e4\u00e4 maksun kauppiaalle. Paytrail Oyj:ll\u00e4 on maksulaitoksen toimilupa. Reklamaatiotapauksissa pyyd\u00e4mme ottamaan ensisijaisesti yhteytt\u00e4 tuotteen toimittajaan.<br><br>Paytrail Oyj, y-tunnus: 2122839-7<br>Innova 2<br>Lutakonaukio 7<br>40100 Jyv\u00e4skyl\u00e4<\/p>\n\n\n\n<p>www.paytrail.com<\/p>\n","protected":false},"excerpt":{"rendered":"<p>Tuotteiden hinnat sis\u00e4lt\u00e4v\u00e4t alv 25,5 %. Maksu suoritetaan Euro valuutassa. Pid\u00e4t\u00e4mme oikeuden hinnanmuutoksiin. Jos jonkin tuotteen saatavuus loppuu tai pitkittyy kohtuuttomasti, pid\u00e4t\u00e4mme oikeuden yksipuolisesti perua osia tilauksesta toimituksen nopeuttamiseksi. L\u00e4het\u00e4mme tilauksesta tilausvahvistuksen s\u00e4hk\u00f6postilla. Tilausvahvistuksen saaminen edellytt\u00e4\u00e4 s\u00e4hk\u00f6postiosoitteen ilmoittamisen tilauksen yhteydess\u00e4. Sopimus syntyy tilausvahvistuksen yhteydess\u00e4. Tilauksen loppusummaan lis\u00e4t\u00e4\u00e4n toimituskulut. Tuote\/tuotteet saapuvat postissa n. 3-7vrk kuluessa tilauksesta. [&hellip;]<\/p>\n","protected":false},"author":1,"featured_media":0,"parent":0,"menu_order":0,"comment_status":"closed","ping_status":"closed","template":"","meta":{"om_disable_all_campaigns":false,"_exactmetrics_skip_tracking":false,"_exactmetrics_sitenote_active":false,"_exactmetrics_sitenote_note":"","_exactmetrics_sitenote_category":0,"footnotes":""},"class_list":["post-112","page","type-page","status-publish","hentry"],"aioseo_notices":[],"yoast_head":"<!-- This site is optimized with the Yoast SEO plugin v27.6 - https:\/\/yoast.com\/product\/yoast-seo-wordpress\/ -->\n<title>Toimitusehdot - FUNSHOP.FI<\/title>\n<meta name=\"robots\" content=\"index, follow, max-snippet:-1, max-image-preview:large, max-video-preview:-1\" \/>\n<link rel=\"canonical\" href=\"https:\/\/www.funshop.fi\/index.php\/toimitusehdot\/\" \/>\n<meta property=\"og:locale\" content=\"fi_FI\" \/>\n<meta property=\"og:type\" content=\"article\" \/>\n<meta property=\"og:title\" content=\"Toimitusehdot - FUNSHOP.FI\" \/>\n<meta property=\"og:description\" content=\"Tuotteiden hinnat sis\u00e4lt\u00e4v\u00e4t alv 25,5 %. Maksu suoritetaan Euro valuutassa. Pid\u00e4t\u00e4mme oikeuden hinnanmuutoksiin. Jos jonkin tuotteen saatavuus loppuu tai pitkittyy kohtuuttomasti, pid\u00e4t\u00e4mme oikeuden yksipuolisesti perua osia tilauksesta toimituksen nopeuttamiseksi. L\u00e4het\u00e4mme tilauksesta tilausvahvistuksen s\u00e4hk\u00f6postilla. Tilausvahvistuksen saaminen edellytt\u00e4\u00e4 s\u00e4hk\u00f6postiosoitteen ilmoittamisen tilauksen yhteydess\u00e4. Sopimus syntyy tilausvahvistuksen yhteydess\u00e4. Tilauksen loppusummaan lis\u00e4t\u00e4\u00e4n toimituskulut. Tuote\/tuotteet saapuvat postissa n. 3-7vrk kuluessa tilauksesta. [&hellip;]\" \/>\n<meta property=\"og:url\" content=\"https:\/\/www.funshop.fi\/index.php\/toimitusehdot\/\" \/>\n<meta property=\"og:site_name\" content=\"FUNSHOP.FI\" \/>\n<meta property=\"article:modified_time\" content=\"2026-03-03T08:34:52+00:00\" \/>\n<meta property=\"og:image\" content=\"https:\/\/www.funshop.fi\/wp-content\/uploads\/2025\/11\/pay255.jpg\" \/>\n\t<meta property=\"og:image:width\" content=\"567\" \/>\n\t<meta property=\"og:image:height\" content=\"124\" \/>\n\t<meta property=\"og:image:type\" content=\"image\/jpeg\" \/>\n<meta name=\"twitter:card\" content=\"summary_large_image\" \/>\n<meta name=\"twitter:label1\" content=\"Arvioitu lukuaika\" \/>\n\t<meta name=\"twitter:data1\" content=\"3 minuuttia\" \/>\n<script type=\"application\/ld+json\" class=\"yoast-schema-graph\">{\"@context\":\"https:\\\/\\\/schema.org\",\"@graph\":[{\"@type\":\"WebPage\",\"@id\":\"https:\\\/\\\/www.funshop.fi\\\/index.php\\\/toimitusehdot\\\/\",\"url\":\"https:\\\/\\\/www.funshop.fi\\\/index.php\\\/toimitusehdot\\\/\",\"name\":\"Toimitusehdot - FUNSHOP.FI\",\"isPartOf\":{\"@id\":\"https:\\\/\\\/www.funshop.fi\\\/#website\"},\"primaryImageOfPage\":{\"@id\":\"https:\\\/\\\/www.funshop.fi\\\/index.php\\\/toimitusehdot\\\/#primaryimage\"},\"image\":{\"@id\":\"https:\\\/\\\/www.funshop.fi\\\/index.php\\\/toimitusehdot\\\/#primaryimage\"},\"thumbnailUrl\":\"https:\\\/\\\/www.funshop.fi\\\/wp-content\\\/uploads\\\/2025\\\/11\\\/pay255.jpg\",\"datePublished\":\"2019-09-27T05:03:56+00:00\",\"dateModified\":\"2026-03-03T08:34:52+00:00\",\"breadcrumb\":{\"@id\":\"https:\\\/\\\/www.funshop.fi\\\/index.php\\\/toimitusehdot\\\/#breadcrumb\"},\"inLanguage\":\"fi\",\"potentialAction\":[{\"@type\":\"ReadAction\",\"target\":[\"https:\\\/\\\/www.funshop.fi\\\/index.php\\\/toimitusehdot\\\/\"]}]},{\"@type\":\"ImageObject\",\"inLanguage\":\"fi\",\"@id\":\"https:\\\/\\\/www.funshop.fi\\\/index.php\\\/toimitusehdot\\\/#primaryimage\",\"url\":\"https:\\\/\\\/www.funshop.fi\\\/wp-content\\\/uploads\\\/2025\\\/11\\\/pay255.jpg\",\"contentUrl\":\"https:\\\/\\\/www.funshop.fi\\\/wp-content\\\/uploads\\\/2025\\\/11\\\/pay255.jpg\",\"width\":567,\"height\":124},{\"@type\":\"BreadcrumbList\",\"@id\":\"https:\\\/\\\/www.funshop.fi\\\/index.php\\\/toimitusehdot\\\/#breadcrumb\",\"itemListElement\":[{\"@type\":\"ListItem\",\"position\":1,\"name\":\"Etusivu\",\"item\":\"https:\\\/\\\/www.funshop.fi\\\/\"},{\"@type\":\"ListItem\",\"position\":2,\"name\":\"Toimitusehdot\"}]},{\"@type\":\"WebSite\",\"@id\":\"https:\\\/\\\/www.funshop.fi\\\/#website\",\"url\":\"https:\\\/\\\/www.funshop.fi\\\/\",\"name\":\"FUNSHOP.FI\",\"description\":\"Huvittavia tuotteita\",\"potentialAction\":[{\"@type\":\"SearchAction\",\"target\":{\"@type\":\"EntryPoint\",\"urlTemplate\":\"https:\\\/\\\/www.funshop.fi\\\/?s={search_term_string}\"},\"query-input\":{\"@type\":\"PropertyValueSpecification\",\"valueRequired\":true,\"valueName\":\"search_term_string\"}}],\"inLanguage\":\"fi\"}]}<\/script>\n<!-- \/ Yoast SEO plugin. -->","yoast_head_json":{"title":"Toimitusehdot - FUNSHOP.FI","robots":{"index":"index","follow":"follow","max-snippet":"max-snippet:-1","max-image-preview":"max-image-preview:large","max-video-preview":"max-video-preview:-1"},"canonical":"https:\/\/www.funshop.fi\/index.php\/toimitusehdot\/","og_locale":"fi_FI","og_type":"article","og_title":"Toimitusehdot - FUNSHOP.FI","og_description":"Tuotteiden hinnat sis\u00e4lt\u00e4v\u00e4t alv 25,5 %. Maksu suoritetaan Euro valuutassa. Pid\u00e4t\u00e4mme oikeuden hinnanmuutoksiin. Jos jonkin tuotteen saatavuus loppuu tai pitkittyy kohtuuttomasti, pid\u00e4t\u00e4mme oikeuden yksipuolisesti perua osia tilauksesta toimituksen nopeuttamiseksi. L\u00e4het\u00e4mme tilauksesta tilausvahvistuksen s\u00e4hk\u00f6postilla. Tilausvahvistuksen saaminen edellytt\u00e4\u00e4 s\u00e4hk\u00f6postiosoitteen ilmoittamisen tilauksen yhteydess\u00e4. Sopimus syntyy tilausvahvistuksen yhteydess\u00e4. Tilauksen loppusummaan lis\u00e4t\u00e4\u00e4n toimituskulut. Tuote\/tuotteet saapuvat postissa n. 3-7vrk kuluessa tilauksesta. [&hellip;]","og_url":"https:\/\/www.funshop.fi\/index.php\/toimitusehdot\/","og_site_name":"FUNSHOP.FI","article_modified_time":"2026-03-03T08:34:52+00:00","og_image":[{"width":567,"height":124,"url":"https:\/\/www.funshop.fi\/wp-content\/uploads\/2025\/11\/pay255.jpg","type":"image\/jpeg"}],"twitter_card":"summary_large_image","twitter_misc":{"Arvioitu lukuaika":"3 minuuttia"},"schema":{"@context":"https:\/\/schema.org","@graph":[{"@type":"WebPage","@id":"https:\/\/www.funshop.fi\/index.php\/toimitusehdot\/","url":"https:\/\/www.funshop.fi\/index.php\/toimitusehdot\/","name":"Toimitusehdot - FUNSHOP.FI","isPartOf":{"@id":"https:\/\/www.funshop.fi\/#website"},"primaryImageOfPage":{"@id":"https:\/\/www.funshop.fi\/index.php\/toimitusehdot\/#primaryimage"},"image":{"@id":"https:\/\/www.funshop.fi\/index.php\/toimitusehdot\/#primaryimage"},"thumbnailUrl":"https:\/\/www.funshop.fi\/wp-content\/uploads\/2025\/11\/pay255.jpg","datePublished":"2019-09-27T05:03:56+00:00","dateModified":"2026-03-03T08:34:52+00:00","breadcrumb":{"@id":"https:\/\/www.funshop.fi\/index.php\/toimitusehdot\/#breadcrumb"},"inLanguage":"fi","potentialAction":[{"@type":"ReadAction","target":["https:\/\/www.funshop.fi\/index.php\/toimitusehdot\/"]}]},{"@type":"ImageObject","inLanguage":"fi","@id":"https:\/\/www.funshop.fi\/index.php\/toimitusehdot\/#primaryimage","url":"https:\/\/www.funshop.fi\/wp-content\/uploads\/2025\/11\/pay255.jpg","contentUrl":"https:\/\/www.funshop.fi\/wp-content\/uploads\/2025\/11\/pay255.jpg","width":567,"height":124},{"@type":"BreadcrumbList","@id":"https:\/\/www.funshop.fi\/index.php\/toimitusehdot\/#breadcrumb","itemListElement":[{"@type":"ListItem","position":1,"name":"Etusivu","item":"https:\/\/www.funshop.fi\/"},{"@type":"ListItem","position":2,"name":"Toimitusehdot"}]},{"@type":"WebSite","@id":"https:\/\/www.funshop.fi\/#website","url":"https:\/\/www.funshop.fi\/","name":"FUNSHOP.FI","description":"Huvittavia tuotteita","potentialAction":[{"@type":"SearchAction","target":{"@type":"EntryPoint","urlTemplate":"https:\/\/www.funshop.fi\/?s={search_term_string}"},"query-input":{"@type":"PropertyValueSpecification","valueRequired":true,"valueName":"search_term_string"}}],"inLanguage":"fi"}]}},"_links":{"self":[{"href":"https:\/\/www.funshop.fi\/index.php\/wp-json\/wp\/v2\/pages\/112","targetHints":{"allow":["GET"]}}],"collection":[{"href":"https:\/\/www.funshop.fi\/index.php\/wp-json\/wp\/v2\/pages"}],"about":[{"href":"https:\/\/www.funshop.fi\/index.php\/wp-json\/wp\/v2\/types\/page"}],"author":[{"embeddable":true,"href":"https:\/\/www.funshop.fi\/index.php\/wp-json\/wp\/v2\/users\/1"}],"replies":[{"embeddable":true,"href":"https:\/\/www.funshop.fi\/index.php\/wp-json\/wp\/v2\/comments?post=112"}],"version-history":[{"count":17,"href":"https:\/\/www.funshop.fi\/index.php\/wp-json\/wp\/v2\/pages\/112\/revisions"}],"predecessor-version":[{"id":6553,"href":"https:\/\/www.funshop.fi\/index.php\/wp-json\/wp\/v2\/pages\/112\/revisions\/6553"}],"wp:attachment":[{"href":"https:\/\/www.funshop.fi\/index.php\/wp-json\/wp\/v2\/media?parent=112"}],"curies":[{"name":"wp","href":"https:\/\/api.w.org\/{rel}","templated":true}]}}